{"id":1299,"date":"2024-09-18T10:38:38","date_gmt":"2024-09-18T08:38:38","guid":{"rendered":"https:\/\/www.industriemontage.sk\/specializovane-zvaracske-prace-a-ndt-skusky\/"},"modified":"2025-12-08T09:25:13","modified_gmt":"2025-12-08T08:25:13","slug":"spezialisierte-schweissarbeiten-und-zerstoerungsfreie-pruefungen","status":"publish","type":"page","link":"https:\/\/www.industriemontage.sk\/de\/spezialisierte-schweissarbeiten-und-zerstoerungsfreie-pruefungen\/","title":{"rendered":"Spezialisierte Schwei\u00dfarbeiten und zerst\u00f6rungsfreie Pr\u00fcfungen"},"content":{"rendered":"<div id=\"pl-1299\"  class=\"panel-layout\" ><div id=\"pg-1299-0\"  class=\"panel-grid panel-no-style\" ><div id=\"pgc-1299-0-0\"  class=\"panel-grid-cell\" ><div id=\"panel-1299-0-0-0\" class=\"so-panel widget widget_sow-editor panel-first-child panel-last-child\" data-index=\"0\" ><div\n\t\t\t\n\t\t\tclass=\"so-widget-sow-editor so-widget-sow-editor-base\"\n\t\t\t\n\t\t>\n<div class=\"siteorigin-widget-tinymce textwidget\">\n\t<ul>\n<li>So arbeiten wir<\/li>\n<\/ul>\n<\/div>\n<\/div><\/div><\/div><div id=\"pgc-1299-0-1\"  class=\"panel-grid-cell\" ><div id=\"panel-1299-0-1-0\" class=\"so-panel widget widget_sow-editor panel-first-child panel-last-child\" data-index=\"1\" ><div\n\t\t\t\n\t\t\tclass=\"so-widget-sow-editor so-widget-sow-editor-base\"\n\t\t\t\n\t\t>\n<div class=\"siteorigin-widget-tinymce textwidget\">\n\t<h2>Unsere Schwei\u00dfer sind nach STN EN ISO 9606-1 (urspr\u00fcnglich STN EN 287-1) zertifiziert und arbeiten unter der Aufsicht von qualifiziertem technischem Personal (IWE\/EWE).<\/h2>\n<\/div>\n<\/div><\/div><\/div><\/div><div id=\"pg-1299-1\"  class=\"panel-grid panel-no-style\" ><div id=\"pgc-1299-1-0\"  class=\"panel-grid-cell\" ><div id=\"panel-1299-1-0-0\" class=\"so-panel widget widget_sow-editor panel-first-child panel-last-child\" data-index=\"2\" ><div\n\t\t\t\n\t\t\tclass=\"so-widget-sow-editor so-widget-sow-editor-base\"\n\t\t\t\n\t\t>\n<div class=\"siteorigin-widget-tinymce textwidget\">\n\t<hr \/>\n<\/div>\n<\/div><\/div><\/div><\/div><div id=\"pg-1299-2\"  class=\"panel-grid panel-no-style\" ><div id=\"pgc-1299-2-0\"  class=\"panel-grid-cell\" ><div id=\"panel-1299-2-0-0\" class=\"so-panel widget widget_sow-image panel-first-child\" data-index=\"3\" ><div class=\"panel-widget-style panel-widget-style-for-1299-2-0-0\" ><div\n\t\t\t\n\t\t\tclass=\"so-widget-sow-image so-widget-sow-image-default-8b5b6f678277-1299\"\n\t\t\t\n\t\t>\n<div class=\"sow-image-container\">\n\t\t<img \n\tsrc=\"https:\/\/www.industriemontage.sk\/wp-content\/uploads\/2024\/09\/Group-120.svg\" width=\"33\" height=\"33\" sizes=\"(max-width: 33px) 100vw, 33px\" title=\"Group 120\" alt=\"\" \t\tclass=\"so-widget-image\"\/>\n\t<\/div>\n\n<\/div><\/div><\/div><div id=\"panel-1299-2-0-1\" class=\"so-panel widget widget_sow-editor panel-last-child\" data-index=\"4\" ><div\n\t\t\t\n\t\t\tclass=\"so-widget-sow-editor so-widget-sow-editor-base\"\n\t\t\t\n\t\t>\n<div class=\"siteorigin-widget-tinymce textwidget\">\n\t<h2>Wir bieten Schwei\u00dfarbeiten mit folgenden Verfahren an:<\/h2>\n<\/div>\n<\/div><\/div><\/div><div id=\"pgc-1299-2-1\"  class=\"panel-grid-cell\" ><div id=\"panel-1299-2-1-0\" class=\"so-panel widget widget_siteorigin-panels-builder panel-first-child panel-last-child\" data-index=\"5\" ><div class=\"panel-widget-style panel-widget-style-for-1299-2-1-0\" ><div id=\"pl-w69368b074791d\"  class=\"panel-layout\" ><div id=\"pg-w69368b074791d-0\"  class=\"panel-grid panel-no-style\" ><div id=\"pgc-w69368b074791d-0-0\"  class=\"panel-grid-cell\" ><div id=\"panel-w69368b074791d-0-0-0\" class=\"so-panel widget widget_sow-editor panel-first-child panel-last-child\" data-index=\"0\" ><div\n\t\t\t\n\t\t\tclass=\"so-widget-sow-editor so-widget-sow-editor-base\"\n\t\t\t\n\t\t>\n<div class=\"siteorigin-widget-tinymce textwidget\">\n\t<h4>WIG\/TIG (141)<\/h4>\n<p>F\u00fcr pr\u00e4zise und saubere Schwei\u00dfn\u00e4hte, insbesondere an Edelstahlrohren und d\u00fcnnwandigen Werkstoffen.<\/p>\n<h4 style=\"padding-top: 20px;\">E (111)<\/h4>\n<p>Mit umh\u00fcllter Elektrode, geeignet f\u00fcr Au\u00dfeninstallationen und schwer zug\u00e4ngliche Stellen.<\/p>\n<h4 style=\"padding-top: 20px;\">MIG\/MAG (131\/135\/136)<\/h4>\n<p>Halbautomatisches Schwei\u00dfen von Stahl, Aluminium und Legierungen.<\/p>\n<h4 style=\"padding-top: 20px;\">Orbitalschwei\u00dfen<\/h4>\n<p>Automatisiertes WIG-Schwei\u00dfen von Rohrverbindungen mit hoher Wiederholgenauigkeit, z. B. F\u00fcr die Pharma-, Lebensmittel- und Chemieindustrie<\/p>\n<h4 style=\"padding-top: 20px;\">Laserschwei\u00dfen<\/h4>\n<p>Hochpr\u00e4zises und schnelles Verbinden von Bauteilen mit minimaler thermischer Belastung<\/p>\n<h5 style=\"padding-top: 40px;\">F\u00fcr jede Schwei\u00dfverbindung f\u00fchren wir eine entsprechende Sicht- und Volumenpr\u00fcfung gem\u00e4\u00df den Qualifikationsanforderungen und Kundenbed\u00fcrfnissen durch.<\/h5>\n<\/div>\n<\/div><\/div><\/div><div id=\"pgc-w69368b074791d-0-1\"  class=\"panel-grid-cell\" ><div id=\"panel-w69368b074791d-0-1-0\" class=\"so-panel widget widget_sow-image panel-first-child\" data-index=\"1\" ><div\n\t\t\t\n\t\t\tclass=\"so-widget-sow-image so-widget-sow-image-default-8b5b6f678277\"\n\t\t\t\n\t\t>\n<div class=\"sow-image-container\">\n\t\t<img \n\tsrc=\"https:\/\/www.industriemontage.sk\/wp-content\/uploads\/2025\/04\/welder-protective-uniform-mask-welding-metal-pipe-industrial-table-while-sparks-flying.jpg\" width=\"1080\" height=\"1324\" srcset=\"https:\/\/www.industriemontage.sk\/wp-content\/uploads\/2025\/04\/welder-protective-uniform-mask-welding-metal-pipe-industrial-table-while-sparks-flying.jpg 1080w, https:\/\/www.industriemontage.sk\/wp-content\/uploads\/2025\/04\/welder-protective-uniform-mask-welding-metal-pipe-industrial-table-while-sparks-flying-245x300.jpg 245w, https:\/\/www.industriemontage.sk\/wp-content\/uploads\/2025\/04\/welder-protective-uniform-mask-welding-metal-pipe-industrial-table-while-sparks-flying-835x1024.jpg 835w\" sizes=\"(max-width: 1080px) 100vw, 1080px\" alt=\"\" \t\tclass=\"so-widget-image\"\/>\n\t<\/div>\n\n<\/div><\/div><div id=\"panel-w69368b074791d-0-1-1\" class=\"so-panel widget widget_sow-editor panel-last-child\" data-index=\"2\" ><div\n\t\t\t\n\t\t\tclass=\"so-widget-sow-editor so-widget-sow-editor-base\"\n\t\t\t\n\t\t>\n<div class=\"siteorigin-widget-tinymce textwidget\">\n\t<p><a class=\"main-btn scroll\" href=\".\/kontakt\/#contact\">Ich bin an Ihren Dienstleistungen interessiert<\/a><\/p>\n<\/div>\n<\/div><\/div><\/div><\/div><\/div><\/div><\/div><\/div><\/div><div id=\"pg-1299-3\"  class=\"panel-grid panel-has-style\" ><div class=\"panel-row-style panel-row-style-for-1299-3\" ><div id=\"pgc-1299-3-0\"  class=\"panel-grid-cell\" ><div id=\"panel-1299-3-0-0\" class=\"so-panel widget widget_sow-editor panel-first-child panel-last-child\" data-index=\"6\" ><div\n\t\t\t\n\t\t\tclass=\"so-widget-sow-editor so-widget-sow-editor-base\"\n\t\t\t\n\t\t>\n<div class=\"siteorigin-widget-tinymce textwidget\">\n\t<h4>Wir f\u00fchren zerst\u00f6rungsfreie Pr\u00fcfungen (ZfP) \u00fcber autorisierte Partner oder intern durch:<\/h4>\n<ul>\n<li>Sichtpr\u00fcfung (VT)<\/li>\n<li>Kapillarpr\u00fcfung (PT)<\/li>\n<li>Ultraschallpr\u00fcfung (UT)<\/li>\n<li>Eindringpr\u00fcfung und Magnetpr\u00fcfung (MT)<\/li>\n<li>oder R\u00f6ntgenpr\u00fcfung (RT) nach Bedarf<\/li>\n<\/ul>\n<\/div>\n<\/div><\/div><\/div><div id=\"pgc-1299-3-1\"  class=\"panel-grid-cell\" ><div id=\"panel-1299-3-1-0\" class=\"so-panel widget widget_sow-editor panel-first-child panel-last-child\" data-index=\"7\" ><div\n\t\t\t\n\t\t\tclass=\"so-widget-sow-editor so-widget-sow-editor-base\"\n\t\t\t\n\t\t>\n<div class=\"siteorigin-widget-tinymce textwidget\">\n\t<h2>Abschlie\u00dfend liefern wir die vollst\u00e4ndige Schwei\u00dfdokumentation, WPQR\/WPS, NDT-Pr\u00fcfprotokolle und eine Konformit\u00e4tserkl\u00e4rung.<\/h2>\n<\/div>\n<\/div><\/div><\/div><\/div><\/div><div id=\"pg-1299-4\"  class=\"panel-grid panel-no-style\" ><div id=\"pgc-1299-4-0\"  class=\"panel-grid-cell\" ><div id=\"panel-1299-4-0-0\" class=\"so-panel widget widget_sow-editor panel-first-child panel-last-child\" data-index=\"8\" ><div class=\"panel-widget-style panel-widget-style-for-1299-4-0-0\" ><div\n\t\t\t\n\t\t\tclass=\"so-widget-sow-editor so-widget-sow-editor-base\"\n\t\t\t\n\t\t>\n<div class=\"siteorigin-widget-tinymce textwidget\">\n\t<h3>Warum sollten Sie uns kontaktieren?<\/h3>\n<\/div>\n<\/div><\/div><\/div><\/div><\/div><div id=\"pg-1299-5\"  class=\"panel-grid panel-no-style\" ><div id=\"pgc-1299-5-0\"  class=\"panel-grid-cell\" ><div id=\"panel-1299-5-0-0\" class=\"so-panel widget widget_siteorigin-panels-builder panel-first-child panel-last-child\" data-index=\"9\" ><div class=\"panel-widget-style panel-widget-style-for-1299-5-0-0\" ><div id=\"pl-w6931955474e0a\"  class=\"panel-layout\" ><div id=\"pg-w6931955474e0a-0\"  class=\"panel-grid panel-no-style\" ><div id=\"pgc-w6931955474e0a-0-0\"  class=\"panel-grid-cell\" ><div id=\"panel-w6931955474e0a-0-0-0\" class=\"so-panel widget widget_sow-editor panel-first-child panel-last-child\" data-index=\"0\" ><div class=\"panel-widget-style panel-widget-style-for-w6931955474e0a-0-0-0\" ><div\n\t\t\t\n\t\t\tclass=\"so-widget-sow-editor so-widget-sow-editor-base\"\n\t\t\t\n\t\t>\n<div class=\"siteorigin-widget-tinymce textwidget\">\n\t<h2 style=\"color:#fff; margin-bottom: 0 !important\">170+<\/h2>\n<p style=\"color:#fff;\">Geschulte und zertifizierte Mitarbeiterv<\/p>\n<\/div>\n<\/div><\/div><\/div><\/div><\/div><div id=\"pg-w6931955474e0a-1\"  class=\"panel-grid panel-no-style\" ><div id=\"pgc-w6931955474e0a-1-0\"  class=\"panel-grid-cell\" ><div id=\"panel-w6931955474e0a-1-0-0\" class=\"so-panel widget widget_sow-editor panel-first-child panel-last-child\" data-index=\"1\" ><div class=\"panel-widget-style panel-widget-style-for-w6931955474e0a-1-0-0\" ><div\n\t\t\t\n\t\t\tclass=\"so-widget-sow-editor so-widget-sow-editor-base\"\n\t\t\t\n\t\t>\n<div class=\"siteorigin-widget-tinymce textwidget\">\n\t<p style=\"color:#fff; margin-top: 0 !important\">Alle unsere Schwei\u00dfer besitzen g\u00fcltige Schwei\u00dferzertifikate und wir verarbeiten alle Materialien, Durchmesser und St\u00e4rken. Unsere Mitarbeiter verf\u00fcgen \u00fcber gute Deutsch- und Englischkenntnisse.<\/p>\n<\/div>\n<\/div><\/div><\/div><\/div><\/div><\/div><\/div><\/div><\/div><div id=\"pgc-1299-5-1\"  class=\"panel-grid-cell\" ><div id=\"panel-1299-5-1-0\" class=\"so-panel widget widget_siteorigin-panels-builder panel-first-child\" data-index=\"10\" ><div class=\"panel-widget-style panel-widget-style-for-1299-5-1-0\" ><div id=\"pl-w69319554756e2\"  class=\"panel-layout\" ><div id=\"pg-w69319554756e2-0\"  class=\"panel-grid panel-no-style\" ><div id=\"pgc-w69319554756e2-0-0\"  class=\"panel-grid-cell panel-grid-cell-empty\" ><\/div><div id=\"pgc-w69319554756e2-0-1\"  class=\"panel-grid-cell\" ><div id=\"panel-w69319554756e2-0-1-0\" class=\"so-panel widget widget_sow-editor panel-first-child panel-last-child\" data-index=\"0\" ><div class=\"panel-widget-style panel-widget-style-for-w69319554756e2-0-1-0\" ><div\n\t\t\t\n\t\t\tclass=\"so-widget-sow-editor so-widget-sow-editor-base\"\n\t\t\t\n\t\t>\n<div class=\"siteorigin-widget-tinymce textwidget\">\n\t<h1 style=\"font-size: 9em; margin: 0px;\">10+<\/h1>\n<p>Langj\u00e4hrige Erfahrung in Projekten f\u00fcr ausl\u00e4ndische Kunden.<\/p>\n<\/div>\n<\/div><\/div><\/div><\/div><\/div><\/div><\/div><\/div><div id=\"panel-1299-5-1-1\" class=\"so-panel widget widget_siteorigin-panels-builder panel-last-child\" data-index=\"11\" ><div id=\"pl-w6931955475b8e\"  class=\"panel-layout\" ><div id=\"pg-w6931955475b8e-0\"  class=\"panel-grid panel-has-style\" ><div class=\"panel-row-style panel-row-style-for-w6931955475b8e-0\" ><div id=\"pgc-w6931955475b8e-0-0\"  class=\"panel-grid-cell\" ><div id=\"panel-w6931955475b8e-0-0-0\" class=\"so-panel widget widget_siteorigin-panels-builder panel-first-child panel-last-child\" data-index=\"0\" ><div id=\"pl-w6931955475b9f\"  class=\"panel-layout\" ><div id=\"pg-w6931955475b9f-0\"  class=\"panel-grid panel-has-style\" ><div class=\"panel-row-style panel-row-style-for-w6931955475b9f-0\" ><div id=\"pgc-w6931955475b9f-0-0\"  class=\"panel-grid-cell\" ><div id=\"panel-w6931955475b9f-0-0-0\" class=\"so-panel widget widget_sow-editor panel-first-child panel-last-child\" data-index=\"0\" ><div\n\t\t\t\n\t\t\tclass=\"so-widget-sow-editor so-widget-sow-editor-base\"\n\t\t\t\n\t\t>\n<div class=\"siteorigin-widget-tinymce textwidget\">\n\t<h2>400+<\/h2>\n<\/div>\n<\/div><\/div><\/div><div id=\"pgc-w6931955475b9f-0-1\"  class=\"panel-grid-cell\" ><div id=\"panel-w6931955475b9f-0-1-0\" class=\"so-panel widget widget_sow-editor panel-first-child panel-last-child\" data-index=\"1\" ><div\n\t\t\t\n\t\t\tclass=\"so-widget-sow-editor so-widget-sow-editor-base\"\n\t\t\t\n\t\t>\n<div class=\"siteorigin-widget-tinymce textwidget\">\n\t<p>Erfolgreich umgesetzte Projekte<\/p>\n<\/div>\n<\/div><\/div><\/div><\/div><\/div><div id=\"pg-w6931955475b9f-1\"  class=\"panel-grid panel-has-style\" ><div class=\"panel-row-style panel-row-style-for-w6931955475b9f-1\" ><div id=\"pgc-w6931955475b9f-1-0\"  class=\"panel-grid-cell\" ><div id=\"panel-w6931955475b9f-1-0-0\" class=\"so-panel widget widget_sow-editor panel-first-child panel-last-child\" data-index=\"2\" ><div\n\t\t\t\n\t\t\tclass=\"so-widget-sow-editor so-widget-sow-editor-base\"\n\t\t\t\n\t\t>\n<div class=\"siteorigin-widget-tinymce textwidget\">\n\t<h2>10+<\/h2>\n<\/div>\n<\/div><\/div><\/div><div id=\"pgc-w6931955475b9f-1-1\"  class=\"panel-grid-cell\" ><div id=\"panel-w6931955475b9f-1-1-0\" class=\"so-panel widget widget_sow-editor panel-first-child panel-last-child\" data-index=\"3\" ><div\n\t\t\t\n\t\t\tclass=\"so-widget-sow-editor so-widget-sow-editor-base\"\n\t\t\t\n\t\t>\n<div class=\"siteorigin-widget-tinymce textwidget\">\n\t<p>Abgedeckte Berufsfelder<\/p>\n<\/div>\n<\/div><\/div><\/div><\/div><\/div><div id=\"pg-w6931955475b9f-2\"  class=\"panel-grid panel-no-style\" ><div id=\"pgc-w6931955475b9f-2-0\"  class=\"panel-grid-cell\" ><div id=\"panel-w6931955475b9f-2-0-0\" class=\"so-panel widget widget_sow-editor panel-first-child panel-last-child\" data-index=\"4\" ><div\n\t\t\t\n\t\t\tclass=\"so-widget-sow-editor so-widget-sow-editor-base\"\n\t\t\t\n\t\t>\n<div class=\"siteorigin-widget-tinymce textwidget\">\n\t<h2>5<\/h2>\n<\/div>\n<\/div><\/div><\/div><div id=\"pgc-w6931955475b9f-2-1\"  class=\"panel-grid-cell\" ><div id=\"panel-w6931955475b9f-2-1-0\" class=\"so-panel widget widget_sow-editor panel-first-child panel-last-child\" data-index=\"5\" ><div\n\t\t\t\n\t\t\tclass=\"so-widget-sow-editor so-widget-sow-editor-base\"\n\t\t\t\n\t\t>\n<div class=\"siteorigin-widget-tinymce textwidget\">\n\t<p>L\u00e4nder, in denen wir t\u00e4tig sind<\/p>\n<\/div>\n<\/div><\/div><\/div><\/div><\/div><\/div><\/div><div id=\"pgc-w6931955475b8e-0-1\"  class=\"panel-grid-cell\" ><div id=\"panel-w6931955475b8e-0-1-0\" class=\"so-panel widget widget_sow-editor panel-first-child panel-last-child\" data-index=\"1\" ><div\n\t\t\t\n\t\t\tclass=\"so-widget-sow-editor so-widget-sow-editor-base\"\n\t\t\t\n\t\t>\n<div class=\"siteorigin-widget-tinymce textwidget\">\n\t<h4>Wir sind stolz darauf, umfassende L\u00f6sungen anzubieten, die auf die Bed\u00fcrfnisse unserer Kunden zugeschnitten sind.<\/h4>\n<p><a class=\"main-btn scroll\" href=\".\/kontakt\/#contact\">Ich bin interessiert.<\/a><\/p>\n<\/div>\n<\/div><\/div><\/div><\/div><\/div><\/div><\/div><\/div><\/div><\/div>","protected":false},"excerpt":{"rendered":"<p>So arbeiten wir Unsere Schwei\u00dfer sind nach STN EN ISO 9606-1 (urspr\u00fcnglich STN EN 287-1) zertifiziert und arbeiten unter der Aufsicht von qualifiziertem technischem Personal (IWE\/EWE).<\/p>\n","protected":false},"author":3,"featured_media":1300,"parent":0,"menu_order":0,"comment_status":"closed","ping_status":"closed","template":"","meta":{"_acf_changed":false,"inline_featured_image":false,"footnotes":""},"class_list":["post-1299","page","type-page","status-publish","has-post-thumbnail","hentry"],"acf":[],"yoast_head":"<!-- This site is optimized with the Yoast SEO plugin v26.5 - https:\/\/yoast.com\/wordpress\/plugins\/seo\/ -->\n<title>Spezialisierte Schwei\u00dfarbeiten und zerst\u00f6rungsfreie Pr\u00fcfungen - Industriemontage<\/title>\n<meta name=\"robots\" content=\"index, follow, max-snippet:-1, max-image-preview:large, max-video-preview:-1\" \/>\n<link rel=\"canonical\" href=\"https:\/\/www.industriemontage.sk\/de\/spezialisierte-schweissarbeiten-und-zerstoerungsfreie-pruefungen\/\" \/>\n<meta property=\"og:locale\" content=\"de_DE\" \/>\n<meta property=\"og:type\" content=\"article\" \/>\n<meta property=\"og:title\" content=\"Spezialisierte Schwei\u00dfarbeiten und zerst\u00f6rungsfreie Pr\u00fcfungen - Industriemontage\" \/>\n<meta property=\"og:description\" content=\"So arbeiten wir Unsere Schwei\u00dfer sind nach STN EN ISO 9606-1 (urspr\u00fcnglich STN EN 287-1) zertifiziert und arbeiten unter der Aufsicht von qualifiziertem technischem Personal (IWE\/EWE).\" \/>\n<meta property=\"og:url\" content=\"https:\/\/www.industriemontage.sk\/de\/spezialisierte-schweissarbeiten-und-zerstoerungsfreie-pruefungen\/\" \/>\n<meta property=\"og:site_name\" content=\"Industriemontage\" \/>\n<meta property=\"article:modified_time\" content=\"2025-12-08T08:25:13+00:00\" \/>\n<meta property=\"og:image\" content=\"https:\/\/www.industriemontage.sk\/wp-content\/uploads\/2024\/09\/welding-work-with-metal-construction-busy-metal-factory.jpg\" \/>\n\t<meta property=\"og:image:width\" content=\"2500\" \/>\n\t<meta property=\"og:image:height\" content=\"1667\" \/>\n\t<meta property=\"og:image:type\" content=\"image\/jpeg\" \/>\n<meta name=\"twitter:card\" content=\"summary_large_image\" \/>\n<meta name=\"twitter:label1\" content=\"Gesch\u00e4tzte Lesezeit\" \/>\n\t<meta name=\"twitter:data1\" content=\"1\u00a0Minute\" \/>\n<script type=\"application\/ld+json\" class=\"yoast-schema-graph\">{\"@context\":\"https:\/\/schema.org\",\"@graph\":[{\"@type\":\"WebPage\",\"@id\":\"https:\/\/www.industriemontage.sk\/de\/spezialisierte-schweissarbeiten-und-zerstoerungsfreie-pruefungen\/\",\"url\":\"https:\/\/www.industriemontage.sk\/de\/spezialisierte-schweissarbeiten-und-zerstoerungsfreie-pruefungen\/\",\"name\":\"Spezialisierte Schwei\u00dfarbeiten und zerst\u00f6rungsfreie Pr\u00fcfungen - Industriemontage\",\"isPartOf\":{\"@id\":\"https:\/\/www.industriemontage.sk\/#website\"},\"primaryImageOfPage\":{\"@id\":\"https:\/\/www.industriemontage.sk\/de\/spezialisierte-schweissarbeiten-und-zerstoerungsfreie-pruefungen\/#primaryimage\"},\"image\":{\"@id\":\"https:\/\/www.industriemontage.sk\/de\/spezialisierte-schweissarbeiten-und-zerstoerungsfreie-pruefungen\/#primaryimage\"},\"thumbnailUrl\":\"https:\/\/www.industriemontage.sk\/wp-content\/uploads\/2024\/09\/welding-work-with-metal-construction-busy-metal-factory.jpg\",\"datePublished\":\"2024-09-18T08:38:38+00:00\",\"dateModified\":\"2025-12-08T08:25:13+00:00\",\"breadcrumb\":{\"@id\":\"https:\/\/www.industriemontage.sk\/de\/spezialisierte-schweissarbeiten-und-zerstoerungsfreie-pruefungen\/#breadcrumb\"},\"inLanguage\":\"de\",\"potentialAction\":[{\"@type\":\"ReadAction\",\"target\":[\"https:\/\/www.industriemontage.sk\/de\/spezialisierte-schweissarbeiten-und-zerstoerungsfreie-pruefungen\/\"]}]},{\"@type\":\"ImageObject\",\"inLanguage\":\"de\",\"@id\":\"https:\/\/www.industriemontage.sk\/de\/spezialisierte-schweissarbeiten-und-zerstoerungsfreie-pruefungen\/#primaryimage\",\"url\":\"https:\/\/www.industriemontage.sk\/wp-content\/uploads\/2024\/09\/welding-work-with-metal-construction-busy-metal-factory.jpg\",\"contentUrl\":\"https:\/\/www.industriemontage.sk\/wp-content\/uploads\/2024\/09\/welding-work-with-metal-construction-busy-metal-factory.jpg\",\"width\":2500,\"height\":1667,\"caption\":\"Welding work with metal construction at busy metal factory\"},{\"@type\":\"BreadcrumbList\",\"@id\":\"https:\/\/www.industriemontage.sk\/de\/spezialisierte-schweissarbeiten-und-zerstoerungsfreie-pruefungen\/#breadcrumb\",\"itemListElement\":[{\"@type\":\"ListItem\",\"position\":1,\"name\":\"Domovsk\u00e1 str\u00e1nka\",\"item\":\"https:\/\/www.industriemontage.sk\/de\/einleitung\/\"},{\"@type\":\"ListItem\",\"position\":2,\"name\":\"Spezialisierte Schwei\u00dfarbeiten und zerst\u00f6rungsfreie Pr\u00fcfungen\"}]},{\"@type\":\"WebSite\",\"@id\":\"https:\/\/www.industriemontage.sk\/#website\",\"url\":\"https:\/\/www.industriemontage.sk\/\",\"name\":\"Industrial\",\"description\":\"\",\"potentialAction\":[{\"@type\":\"SearchAction\",\"target\":{\"@type\":\"EntryPoint\",\"urlTemplate\":\"https:\/\/www.industriemontage.sk\/?s={search_term_string}\"},\"query-input\":{\"@type\":\"PropertyValueSpecification\",\"valueRequired\":true,\"valueName\":\"search_term_string\"}}],\"inLanguage\":\"de\"}]}<\/script>\n<!-- \/ Yoast SEO plugin. -->","yoast_head_json":{"title":"Spezialisierte Schwei\u00dfarbeiten und zerst\u00f6rungsfreie Pr\u00fcfungen - Industriemontage","robots":{"index":"index","follow":"follow","max-snippet":"max-snippet:-1","max-image-preview":"max-image-preview:large","max-video-preview":"max-video-preview:-1"},"canonical":"https:\/\/www.industriemontage.sk\/de\/spezialisierte-schweissarbeiten-und-zerstoerungsfreie-pruefungen\/","og_locale":"de_DE","og_type":"article","og_title":"Spezialisierte Schwei\u00dfarbeiten und zerst\u00f6rungsfreie Pr\u00fcfungen - Industriemontage","og_description":"So arbeiten wir Unsere Schwei\u00dfer sind nach STN EN ISO 9606-1 (urspr\u00fcnglich STN EN 287-1) zertifiziert und arbeiten unter der Aufsicht von qualifiziertem technischem Personal (IWE\/EWE).","og_url":"https:\/\/www.industriemontage.sk\/de\/spezialisierte-schweissarbeiten-und-zerstoerungsfreie-pruefungen\/","og_site_name":"Industriemontage","article_modified_time":"2025-12-08T08:25:13+00:00","og_image":[{"width":2500,"height":1667,"url":"https:\/\/www.industriemontage.sk\/wp-content\/uploads\/2024\/09\/welding-work-with-metal-construction-busy-metal-factory.jpg","type":"image\/jpeg"}],"twitter_card":"summary_large_image","twitter_misc":{"Gesch\u00e4tzte Lesezeit":"1\u00a0Minute"},"schema":{"@context":"https:\/\/schema.org","@graph":[{"@type":"WebPage","@id":"https:\/\/www.industriemontage.sk\/de\/spezialisierte-schweissarbeiten-und-zerstoerungsfreie-pruefungen\/","url":"https:\/\/www.industriemontage.sk\/de\/spezialisierte-schweissarbeiten-und-zerstoerungsfreie-pruefungen\/","name":"Spezialisierte Schwei\u00dfarbeiten und zerst\u00f6rungsfreie Pr\u00fcfungen - Industriemontage","isPartOf":{"@id":"https:\/\/www.industriemontage.sk\/#website"},"primaryImageOfPage":{"@id":"https:\/\/www.industriemontage.sk\/de\/spezialisierte-schweissarbeiten-und-zerstoerungsfreie-pruefungen\/#primaryimage"},"image":{"@id":"https:\/\/www.industriemontage.sk\/de\/spezialisierte-schweissarbeiten-und-zerstoerungsfreie-pruefungen\/#primaryimage"},"thumbnailUrl":"https:\/\/www.industriemontage.sk\/wp-content\/uploads\/2024\/09\/welding-work-with-metal-construction-busy-metal-factory.jpg","datePublished":"2024-09-18T08:38:38+00:00","dateModified":"2025-12-08T08:25:13+00:00","breadcrumb":{"@id":"https:\/\/www.industriemontage.sk\/de\/spezialisierte-schweissarbeiten-und-zerstoerungsfreie-pruefungen\/#breadcrumb"},"inLanguage":"de","potentialAction":[{"@type":"ReadAction","target":["https:\/\/www.industriemontage.sk\/de\/spezialisierte-schweissarbeiten-und-zerstoerungsfreie-pruefungen\/"]}]},{"@type":"ImageObject","inLanguage":"de","@id":"https:\/\/www.industriemontage.sk\/de\/spezialisierte-schweissarbeiten-und-zerstoerungsfreie-pruefungen\/#primaryimage","url":"https:\/\/www.industriemontage.sk\/wp-content\/uploads\/2024\/09\/welding-work-with-metal-construction-busy-metal-factory.jpg","contentUrl":"https:\/\/www.industriemontage.sk\/wp-content\/uploads\/2024\/09\/welding-work-with-metal-construction-busy-metal-factory.jpg","width":2500,"height":1667,"caption":"Welding work with metal construction at busy metal factory"},{"@type":"BreadcrumbList","@id":"https:\/\/www.industriemontage.sk\/de\/spezialisierte-schweissarbeiten-und-zerstoerungsfreie-pruefungen\/#breadcrumb","itemListElement":[{"@type":"ListItem","position":1,"name":"Domovsk\u00e1 str\u00e1nka","item":"https:\/\/www.industriemontage.sk\/de\/einleitung\/"},{"@type":"ListItem","position":2,"name":"Spezialisierte Schwei\u00dfarbeiten und zerst\u00f6rungsfreie Pr\u00fcfungen"}]},{"@type":"WebSite","@id":"https:\/\/www.industriemontage.sk\/#website","url":"https:\/\/www.industriemontage.sk\/","name":"Industrial","description":"","potentialAction":[{"@type":"SearchAction","target":{"@type":"EntryPoint","urlTemplate":"https:\/\/www.industriemontage.sk\/?s={search_term_string}"},"query-input":{"@type":"PropertyValueSpecification","valueRequired":true,"valueName":"search_term_string"}}],"inLanguage":"de"}]}},"_links":{"self":[{"href":"https:\/\/www.industriemontage.sk\/de\/wp-json\/wp\/v2\/pages\/1299","targetHints":{"allow":["GET"]}}],"collection":[{"href":"https:\/\/www.industriemontage.sk\/de\/wp-json\/wp\/v2\/pages"}],"about":[{"href":"https:\/\/www.industriemontage.sk\/de\/wp-json\/wp\/v2\/types\/page"}],"author":[{"embeddable":true,"href":"https:\/\/www.industriemontage.sk\/de\/wp-json\/wp\/v2\/users\/3"}],"replies":[{"embeddable":true,"href":"https:\/\/www.industriemontage.sk\/de\/wp-json\/wp\/v2\/comments?post=1299"}],"version-history":[{"count":5,"href":"https:\/\/www.industriemontage.sk\/de\/wp-json\/wp\/v2\/pages\/1299\/revisions"}],"predecessor-version":[{"id":1428,"href":"https:\/\/www.industriemontage.sk\/de\/wp-json\/wp\/v2\/pages\/1299\/revisions\/1428"}],"wp:featuredmedia":[{"embeddable":true,"href":"https:\/\/www.industriemontage.sk\/de\/wp-json\/wp\/v2\/media\/1300"}],"wp:attachment":[{"href":"https:\/\/www.industriemontage.sk\/de\/wp-json\/wp\/v2\/media?parent=1299"}],"curies":[{"name":"wp","href":"https:\/\/api.w.org\/{rel}","templated":true}]}}