{"id":1287,"date":"2025-04-24T09:45:38","date_gmt":"2025-04-24T07:45:38","guid":{"rendered":"https:\/\/www.industriemontage.sk\/sluzby\/"},"modified":"2025-12-08T08:17:41","modified_gmt":"2025-12-08T07:17:41","slug":"dienstleistungen","status":"publish","type":"page","link":"https:\/\/www.industriemontage.sk\/de\/dienstleistungen\/","title":{"rendered":"Dienstleistungen"},"content":{"rendered":"<div id=\"pl-1287\"  class=\"panel-layout\" ><div id=\"pg-1287-0\"  class=\"panel-grid panel-no-style\" ><div id=\"pgc-1287-0-0\"  class=\"panel-grid-cell\" ><div id=\"panel-1287-0-0-0\" class=\"so-panel widget widget_sow-image panel-first-child\" data-index=\"0\" ><div class=\"panel-widget-style panel-widget-style-for-1287-0-0-0\" ><div\n\t\t\t\n\t\t\tclass=\"so-widget-sow-image so-widget-sow-image-default-8b5b6f678277-1287\"\n\t\t\t\n\t\t>\n<div class=\"sow-image-container\">\n\t\t<img \n\tsrc=\"https:\/\/www.industriemontage.sk\/wp-content\/uploads\/2024\/09\/Group-120.svg\" width=\"33\" height=\"33\" sizes=\"(max-width: 33px) 100vw, 33px\" title=\"Group 120\" alt=\"\" \t\tclass=\"so-widget-image\"\/>\n\t<\/div>\n\n<\/div><\/div><\/div><div id=\"panel-1287-0-0-1\" class=\"so-panel widget widget_sow-editor panel-last-child\" data-index=\"1\" ><div\n\t\t\t\n\t\t\tclass=\"so-widget-sow-editor so-widget-sow-editor-base\"\n\t\t\t\n\t\t>\n<div class=\"siteorigin-widget-tinymce textwidget\">\n\t<h2 style=\"font-size: 40px;\">Unsere Dienstleistungen umfassen:<\/h2>\n<\/div>\n<\/div><\/div><\/div><div id=\"pgc-1287-0-1\"  class=\"panel-grid-cell\" ><div id=\"panel-1287-0-1-0\" class=\"so-panel widget widget_siteorigin-panels-builder panel-first-child panel-last-child\" data-index=\"2\" ><div class=\"panel-widget-style panel-widget-style-for-1287-0-1-0\" ><div id=\"pl-w69367b95e0f9f\"  class=\"panel-layout\" ><div id=\"pg-w69367b95e0f9f-0\"  class=\"panel-grid panel-no-style\" ><div id=\"pgc-w69367b95e0f9f-0-0\"  class=\"panel-grid-cell\" ><div id=\"panel-w69367b95e0f9f-0-0-0\" class=\"so-panel widget widget_sow-editor panel-first-child panel-last-child\" data-index=\"0\" ><div\n\t\t\t\n\t\t\tclass=\"so-widget-sow-editor so-widget-sow-editor-base\"\n\t\t\t\n\t\t>\n<div class=\"siteorigin-widget-tinymce textwidget\">\n\t<h4>Komplette Fertigung im Maschinenbau<\/h4>\n<p>(von der Modellierung bis zur Auslieferung des fertigen Produkts)<\/p>\n<h4 style=\"padding-top: 20px;\">Spanbearbeitung<\/h4>\n<p>(CNC-Fr\u00e4sen und -Drehen)<\/p>\n<h4 style=\"padding-top: 20px;\">Materialbearbeitung<\/h4>\n<p>(CNC-Laser, Plasma, Wasserstrahl, Sauerstoff, automatische S\u00e4ge)<\/p>\n<h4 style=\"padding-top: 20px;\">Vermietung<\/h4>\n<p>(Personal \u2013 ADZ\/Technologie, Maschinen, Ausr\u00fcstung)<\/p>\n<h4 style=\"padding-top: 20px;\">Vorproduktion, Lieferung und Installation von Rohrleitungen<\/h4>\n<h4 style=\"padding-top: 20px;\">Spezialschwei\u00dfarbeiten und zerst\u00f6rungsfreie Pr\u00fcfungen<\/h4>\n<p>(WIG, E, MIG\/MAG, STN EN Standard 287-1, Orbitalschwei\u00dfen, Laserschwei\u00dfen)<\/p>\n<h4 style=\"padding-top: 20px;\">Komplette Maschinenbaufertigung<\/h4>\n<p> Effektive L\u00f6sung f\u00fcr Ihr Unternehmen<\/p>\n<\/div>\n<\/div><\/div><\/div><div id=\"pgc-w69367b95e0f9f-0-1\"  class=\"panel-grid-cell\" ><div id=\"panel-w69367b95e0f9f-0-1-0\" class=\"so-panel widget widget_sow-image panel-first-child\" data-index=\"1\" ><div\n\t\t\t\n\t\t\tclass=\"so-widget-sow-image so-widget-sow-image-default-8b5b6f678277\"\n\t\t\t\n\t\t>\n<div class=\"sow-image-container\">\n\t\t<img \n\tsrc=\"https:\/\/www.industriemontage.sk\/wp-content\/uploads\/2024\/09\/PHOTO-2024-06-19-13-49-47-2.jpg\" width=\"829\" height=\"931\" srcset=\"https:\/\/www.industriemontage.sk\/wp-content\/uploads\/2024\/09\/PHOTO-2024-06-19-13-49-47-2.jpg 829w, https:\/\/www.industriemontage.sk\/wp-content\/uploads\/2024\/09\/PHOTO-2024-06-19-13-49-47-2-267x300.jpg 267w\" sizes=\"(max-width: 829px) 100vw, 829px\" title=\"PHOTO-2024-06-19-13-49-47 2\" alt=\"\" \t\tclass=\"so-widget-image\"\/>\n\t<\/div>\n\n<\/div><\/div><div id=\"panel-w69367b95e0f9f-0-1-1\" class=\"so-panel widget widget_sow-editor panel-last-child\" data-index=\"2\" ><div\n\t\t\t\n\t\t\tclass=\"so-widget-sow-editor so-widget-sow-editor-base\"\n\t\t\t\n\t\t>\n<div class=\"siteorigin-widget-tinymce textwidget\">\n\t<p><a class=\"main-btn scroll\" href=\".\/kontakt\/#contact\">Ich bin an Ihren Dienstleistungen interessiert<\/a><\/p>\n<\/div>\n<\/div><\/div><\/div><\/div><\/div><\/div><\/div><\/div><\/div><div id=\"pg-1287-1\"  class=\"panel-grid panel-has-style\" ><div class=\"panel-row-style panel-row-style-for-1287-1\" ><div id=\"pgc-1287-1-0\"  class=\"panel-grid-cell panel-grid-cell-empty\" ><\/div><div id=\"pgc-1287-1-1\"  class=\"panel-grid-cell\" ><div id=\"panel-1287-1-1-0\" class=\"so-panel widget widget_sow-editor panel-first-child panel-last-child\" data-index=\"3\" ><div\n\t\t\t\n\t\t\tclass=\"so-widget-sow-editor so-widget-sow-editor-base\"\n\t\t\t\n\t\t>\n<div class=\"siteorigin-widget-tinymce textwidget\">\n\t<h3>Wir bieten umfassende Dienstleistungen im Bereich der Maschinenbaufertigung \u2013 von der Entwicklung einer technischen L\u00f6sung \u00fcber die Konstruktions- und Produktionsphase bis hin zur Auslieferung des Produkts.<\/h3>\n<p>Dank unseres internen Know-hows, moderner Technologien und eines erfahrenen Teams gew\u00e4hrleisten wir die reibungslose und qualitativ hochwertige Abwicklung jedes Auftrags.<\/p>\n<\/div>\n<\/div><\/div><\/div><\/div><\/div><div id=\"pg-1287-2\"  class=\"panel-grid panel-no-style\" ><div id=\"pgc-1287-2-0\"  class=\"panel-grid-cell\" ><div id=\"panel-1287-2-0-0\" class=\"so-panel widget widget_sow-editor panel-first-child panel-last-child\" data-index=\"4\" ><div\n\t\t\t\n\t\t\tclass=\"so-widget-sow-editor so-widget-sow-editor-base\"\n\t\t\t\n\t\t>\n<div class=\"siteorigin-widget-tinymce textwidget\">\n\t<hr \/>\n<\/div>\n<\/div><\/div><\/div><\/div><div id=\"pg-1287-3\"  class=\"panel-grid panel-has-style\" ><div class=\"panel-row-style panel-row-style-for-1287-3\" ><div id=\"pgc-1287-3-0\"  class=\"panel-grid-cell\" ><div id=\"panel-1287-3-0-0\" class=\"so-panel widget widget_sow-editor panel-first-child panel-last-child\" data-index=\"5\" ><div\n\t\t\t\n\t\t\tclass=\"so-widget-sow-editor so-widget-sow-editor-base\"\n\t\t\t\n\t\t>\n<div class=\"siteorigin-widget-tinymce textwidget\">\n\t<ul>\n<li>Die Zusammenarbeit mit uns bringt<\/li>\n<\/ul>\n<\/div>\n<\/div><\/div><\/div><div id=\"pgc-1287-3-1\"  class=\"panel-grid-cell\" ><div id=\"panel-1287-3-1-0\" class=\"so-panel widget widget_sow-editor panel-first-child panel-last-child\" data-index=\"6\" ><div\n\t\t\t\n\t\t\tclass=\"so-widget-sow-editor so-widget-sow-editor-base\"\n\t\t\t\n\t\t>\n<div class=\"siteorigin-widget-tinymce textwidget\">\n\t<ul>\n<li>Individuelle Beratung und technische Unterst\u00fctzung bereits in der Design- und Entwicklungsphase<\/li>\n<li>Schnelle und pr\u00e4zise Fertigung inklusive 3D-Modellierung, CNC-Bearbeitung und Montage<\/li>\n<li>Flexibilit\u00e4t in der Produktion von Prototypen, Einzelteilen und Gro\u00dfkomponenten<\/li>\n<li>Kontinuierliche Produktionskontrolle inklusive Dokumentation und Qualit\u00e4tsnachweisen<\/li>\n<li>Komplettservice inklusive Oberfl\u00e4chenbehandlung, Verpackung und Logistik<\/li>\n<\/ul>\n<h4 style=\"padding-top: 40px;\">Setzen Sie auf einen Partner, der technisches Know-how mit einem praxisorientierten Ansatz f\u00fcr Kundenbed\u00fcrfnisse verbindet. Wir liefern L\u00f6sungen termingerecht, pr\u00e4zise und ohne unn\u00f6tige Kompromisse.<\/h4>\n<\/div>\n<\/div><\/div><\/div><\/div><\/div><div id=\"pg-1287-4\"  class=\"panel-grid panel-no-style\" ><div id=\"pgc-1287-4-0\"  class=\"panel-grid-cell\" ><div id=\"panel-1287-4-0-0\" class=\"so-panel widget widget_sow-editor panel-first-child panel-last-child\" data-index=\"7\" ><div class=\"panel-widget-style panel-widget-style-for-1287-4-0-0\" ><div\n\t\t\t\n\t\t\tclass=\"so-widget-sow-editor so-widget-sow-editor-base\"\n\t\t\t\n\t\t>\n<div class=\"siteorigin-widget-tinymce textwidget\">\n\t<h3>Warum sollten Sie uns kontaktieren?<\/h3>\n<\/div>\n<\/div><\/div><\/div><\/div><\/div><div id=\"pg-1287-5\"  class=\"panel-grid panel-no-style\" ><div id=\"pgc-1287-5-0\"  class=\"panel-grid-cell\" ><div id=\"panel-1287-5-0-0\" class=\"so-panel widget widget_siteorigin-panels-builder panel-first-child panel-last-child\" data-index=\"8\" ><div class=\"panel-widget-style panel-widget-style-for-1287-5-0-0\" ><div id=\"pl-w6931955474e0a\"  class=\"panel-layout\" ><div id=\"pg-w6931955474e0a-0\"  class=\"panel-grid panel-no-style\" ><div id=\"pgc-w6931955474e0a-0-0\"  class=\"panel-grid-cell\" ><div id=\"panel-w6931955474e0a-0-0-0\" class=\"so-panel widget widget_sow-editor panel-first-child panel-last-child\" data-index=\"0\" ><div class=\"panel-widget-style panel-widget-style-for-w6931955474e0a-0-0-0\" ><div\n\t\t\t\n\t\t\tclass=\"so-widget-sow-editor so-widget-sow-editor-base\"\n\t\t\t\n\t\t>\n<div class=\"siteorigin-widget-tinymce textwidget\">\n\t<h2 style=\"color:#fff; margin-bottom: 0 !important\">170+<\/h2>\n<p style=\"color:#fff;\">Geschulte und zertifizierte Mitarbeiterv<\/p>\n<\/div>\n<\/div><\/div><\/div><\/div><\/div><div id=\"pg-w6931955474e0a-1\"  class=\"panel-grid panel-no-style\" ><div id=\"pgc-w6931955474e0a-1-0\"  class=\"panel-grid-cell\" ><div id=\"panel-w6931955474e0a-1-0-0\" class=\"so-panel widget widget_sow-editor panel-first-child panel-last-child\" data-index=\"1\" ><div class=\"panel-widget-style panel-widget-style-for-w6931955474e0a-1-0-0\" ><div\n\t\t\t\n\t\t\tclass=\"so-widget-sow-editor so-widget-sow-editor-base\"\n\t\t\t\n\t\t>\n<div class=\"siteorigin-widget-tinymce textwidget\">\n\t<p style=\"color:#fff; margin-top: 0 !important\">Alle unsere Schwei\u00dfer besitzen g\u00fcltige Schwei\u00dferzertifikate und wir verarbeiten alle Materialien, Durchmesser und St\u00e4rken. Unsere Mitarbeiter verf\u00fcgen \u00fcber gute Deutsch- und Englischkenntnisse.<\/p>\n<\/div>\n<\/div><\/div><\/div><\/div><\/div><\/div><\/div><\/div><\/div><div id=\"pgc-1287-5-1\"  class=\"panel-grid-cell\" ><div id=\"panel-1287-5-1-0\" class=\"so-panel widget widget_siteorigin-panels-builder panel-first-child\" data-index=\"9\" ><div class=\"panel-widget-style panel-widget-style-for-1287-5-1-0\" ><div id=\"pl-w69319554756e2\"  class=\"panel-layout\" ><div id=\"pg-w69319554756e2-0\"  class=\"panel-grid panel-no-style\" ><div id=\"pgc-w69319554756e2-0-0\"  class=\"panel-grid-cell panel-grid-cell-empty\" ><\/div><div id=\"pgc-w69319554756e2-0-1\"  class=\"panel-grid-cell\" ><div id=\"panel-w69319554756e2-0-1-0\" class=\"so-panel widget widget_sow-editor panel-first-child panel-last-child\" data-index=\"0\" ><div class=\"panel-widget-style panel-widget-style-for-w69319554756e2-0-1-0\" ><div\n\t\t\t\n\t\t\tclass=\"so-widget-sow-editor so-widget-sow-editor-base\"\n\t\t\t\n\t\t>\n<div class=\"siteorigin-widget-tinymce textwidget\">\n\t<h1 style=\"font-size: 9em; margin: 0px;\">10+<\/h1>\n<p>Langj\u00e4hrige Erfahrung in Projekten f\u00fcr ausl\u00e4ndische Kunden.<\/p>\n<\/div>\n<\/div><\/div><\/div><\/div><\/div><\/div><\/div><\/div><div id=\"panel-1287-5-1-1\" class=\"so-panel widget widget_siteorigin-panels-builder panel-last-child\" data-index=\"10\" ><div id=\"pl-w6931955475b8e\"  class=\"panel-layout\" ><div id=\"pg-w6931955475b8e-0\"  class=\"panel-grid panel-has-style\" ><div class=\"panel-row-style panel-row-style-for-w6931955475b8e-0\" ><div id=\"pgc-w6931955475b8e-0-0\"  class=\"panel-grid-cell\" ><div id=\"panel-w6931955475b8e-0-0-0\" class=\"so-panel widget widget_siteorigin-panels-builder panel-first-child panel-last-child\" data-index=\"0\" ><div id=\"pl-w6931955475b9f\"  class=\"panel-layout\" ><div id=\"pg-w6931955475b9f-0\"  class=\"panel-grid panel-has-style\" ><div class=\"panel-row-style panel-row-style-for-w6931955475b9f-0\" ><div id=\"pgc-w6931955475b9f-0-0\"  class=\"panel-grid-cell\" ><div id=\"panel-w6931955475b9f-0-0-0\" class=\"so-panel widget widget_sow-editor panel-first-child panel-last-child\" data-index=\"0\" ><div\n\t\t\t\n\t\t\tclass=\"so-widget-sow-editor so-widget-sow-editor-base\"\n\t\t\t\n\t\t>\n<div class=\"siteorigin-widget-tinymce textwidget\">\n\t<h2>400+<\/h2>\n<\/div>\n<\/div><\/div><\/div><div id=\"pgc-w6931955475b9f-0-1\"  class=\"panel-grid-cell\" ><div id=\"panel-w6931955475b9f-0-1-0\" class=\"so-panel widget widget_sow-editor panel-first-child panel-last-child\" data-index=\"1\" ><div\n\t\t\t\n\t\t\tclass=\"so-widget-sow-editor so-widget-sow-editor-base\"\n\t\t\t\n\t\t>\n<div class=\"siteorigin-widget-tinymce textwidget\">\n\t<p>Erfolgreich umgesetzte Projekte<\/p>\n<\/div>\n<\/div><\/div><\/div><\/div><\/div><div id=\"pg-w6931955475b9f-1\"  class=\"panel-grid panel-has-style\" ><div class=\"panel-row-style panel-row-style-for-w6931955475b9f-1\" ><div id=\"pgc-w6931955475b9f-1-0\"  class=\"panel-grid-cell\" ><div id=\"panel-w6931955475b9f-1-0-0\" class=\"so-panel widget widget_sow-editor panel-first-child panel-last-child\" data-index=\"2\" ><div\n\t\t\t\n\t\t\tclass=\"so-widget-sow-editor so-widget-sow-editor-base\"\n\t\t\t\n\t\t>\n<div class=\"siteorigin-widget-tinymce textwidget\">\n\t<h2>10+<\/h2>\n<\/div>\n<\/div><\/div><\/div><div id=\"pgc-w6931955475b9f-1-1\"  class=\"panel-grid-cell\" ><div id=\"panel-w6931955475b9f-1-1-0\" class=\"so-panel widget widget_sow-editor panel-first-child panel-last-child\" data-index=\"3\" ><div\n\t\t\t\n\t\t\tclass=\"so-widget-sow-editor so-widget-sow-editor-base\"\n\t\t\t\n\t\t>\n<div class=\"siteorigin-widget-tinymce textwidget\">\n\t<p>Abgedeckte Berufsfelder<\/p>\n<\/div>\n<\/div><\/div><\/div><\/div><\/div><div id=\"pg-w6931955475b9f-2\"  class=\"panel-grid panel-no-style\" ><div id=\"pgc-w6931955475b9f-2-0\"  class=\"panel-grid-cell\" ><div id=\"panel-w6931955475b9f-2-0-0\" class=\"so-panel widget widget_sow-editor panel-first-child panel-last-child\" data-index=\"4\" ><div\n\t\t\t\n\t\t\tclass=\"so-widget-sow-editor so-widget-sow-editor-base\"\n\t\t\t\n\t\t>\n<div class=\"siteorigin-widget-tinymce textwidget\">\n\t<h2>5<\/h2>\n<\/div>\n<\/div><\/div><\/div><div id=\"pgc-w6931955475b9f-2-1\"  class=\"panel-grid-cell\" ><div id=\"panel-w6931955475b9f-2-1-0\" class=\"so-panel widget widget_sow-editor panel-first-child panel-last-child\" data-index=\"5\" ><div\n\t\t\t\n\t\t\tclass=\"so-widget-sow-editor so-widget-sow-editor-base\"\n\t\t\t\n\t\t>\n<div class=\"siteorigin-widget-tinymce textwidget\">\n\t<p>L\u00e4nder, in denen wir t\u00e4tig sind<\/p>\n<\/div>\n<\/div><\/div><\/div><\/div><\/div><\/div><\/div><div id=\"pgc-w6931955475b8e-0-1\"  class=\"panel-grid-cell\" ><div id=\"panel-w6931955475b8e-0-1-0\" class=\"so-panel widget widget_sow-editor panel-first-child panel-last-child\" data-index=\"1\" ><div\n\t\t\t\n\t\t\tclass=\"so-widget-sow-editor so-widget-sow-editor-base\"\n\t\t\t\n\t\t>\n<div class=\"siteorigin-widget-tinymce textwidget\">\n\t<h4>Wir sind stolz darauf, umfassende L\u00f6sungen anzubieten, die auf die Bed\u00fcrfnisse unserer Kunden zugeschnitten sind.<\/h4>\n<p><a class=\"main-btn scroll\" href=\".\/kontakt\/#contact\">Ich bin interessiert.<\/a><\/p>\n<\/div>\n<\/div><\/div><\/div><\/div><\/div><\/div><\/div><\/div><\/div><\/div>","protected":false},"excerpt":{"rendered":"<p>Unsere Dienstleistungen umfassen: Wir bieten umfassende Dienstleistungen im Bereich der Maschinenbaufertigung \u2013 von der Entwicklung einer technischen L\u00f6sung \u00fcber die Konstruktions- und Produktionsphase bis hin zur Auslieferung des Produkts. Dank unseres internen Know-hows, moderner Technologien und eines erfahrenen Teams gew\u00e4hrleisten wir die reibungslose und qualitativ hochwertige Abwicklung jedes Auftrags.<\/p>\n","protected":false},"author":3,"featured_media":1104,"parent":0,"menu_order":0,"comment_status":"closed","ping_status":"closed","template":"","meta":{"_acf_changed":false,"inline_featured_image":false,"footnotes":""},"class_list":["post-1287","page","type-page","status-publish","has-post-thumbnail","hentry"],"acf":[],"yoast_head":"<!-- This site is optimized with the Yoast SEO plugin v26.5 - https:\/\/yoast.com\/wordpress\/plugins\/seo\/ -->\n<title>Dienstleistungen - Industriemontage<\/title>\n<meta name=\"robots\" content=\"index, follow, max-snippet:-1, max-image-preview:large, max-video-preview:-1\" \/>\n<link rel=\"canonical\" href=\"https:\/\/www.industriemontage.sk\/de\/dienstleistungen\/\" \/>\n<meta property=\"og:locale\" content=\"de_DE\" \/>\n<meta property=\"og:type\" content=\"article\" \/>\n<meta property=\"og:title\" content=\"Dienstleistungen - Industriemontage\" \/>\n<meta property=\"og:description\" content=\"Unsere Dienstleistungen umfassen: Wir bieten umfassende Dienstleistungen im Bereich der Maschinenbaufertigung \u2013 von der Entwicklung einer technischen L\u00f6sung \u00fcber die Konstruktions- und Produktionsphase bis hin zur Auslieferung des Produkts. Dank unseres internen Know-hows, moderner Technologien und eines erfahrenen Teams gew\u00e4hrleisten wir die reibungslose und qualitativ hochwertige Abwicklung jedes Auftrags.\" \/>\n<meta property=\"og:url\" content=\"https:\/\/www.industriemontage.sk\/de\/dienstleistungen\/\" \/>\n<meta property=\"og:site_name\" content=\"Industriemontage\" \/>\n<meta property=\"article:modified_time\" content=\"2025-12-08T07:17:41+00:00\" \/>\n<meta property=\"og:image\" content=\"https:\/\/www.industriemontage.sk\/wp-content\/uploads\/2025\/04\/man-helmet-is-moving-piece-rail-metal-factory.jpg\" \/>\n\t<meta property=\"og:image:width\" content=\"2000\" \/>\n\t<meta property=\"og:image:height\" content=\"1333\" \/>\n\t<meta property=\"og:image:type\" content=\"image\/jpeg\" \/>\n<meta name=\"twitter:card\" content=\"summary_large_image\" \/>\n<meta name=\"twitter:label1\" content=\"Gesch\u00e4tzte Lesezeit\" \/>\n\t<meta name=\"twitter:data1\" content=\"2\u00a0Minuten\" \/>\n<script type=\"application\/ld+json\" class=\"yoast-schema-graph\">{\"@context\":\"https:\/\/schema.org\",\"@graph\":[{\"@type\":\"WebPage\",\"@id\":\"https:\/\/www.industriemontage.sk\/de\/dienstleistungen\/\",\"url\":\"https:\/\/www.industriemontage.sk\/de\/dienstleistungen\/\",\"name\":\"Dienstleistungen - Industriemontage\",\"isPartOf\":{\"@id\":\"https:\/\/www.industriemontage.sk\/#website\"},\"primaryImageOfPage\":{\"@id\":\"https:\/\/www.industriemontage.sk\/de\/dienstleistungen\/#primaryimage\"},\"image\":{\"@id\":\"https:\/\/www.industriemontage.sk\/de\/dienstleistungen\/#primaryimage\"},\"thumbnailUrl\":\"https:\/\/www.industriemontage.sk\/wp-content\/uploads\/2025\/04\/man-helmet-is-moving-piece-rail-metal-factory.jpg\",\"datePublished\":\"2025-04-24T07:45:38+00:00\",\"dateModified\":\"2025-12-08T07:17:41+00:00\",\"breadcrumb\":{\"@id\":\"https:\/\/www.industriemontage.sk\/de\/dienstleistungen\/#breadcrumb\"},\"inLanguage\":\"de\",\"potentialAction\":[{\"@type\":\"ReadAction\",\"target\":[\"https:\/\/www.industriemontage.sk\/de\/dienstleistungen\/\"]}]},{\"@type\":\"ImageObject\",\"inLanguage\":\"de\",\"@id\":\"https:\/\/www.industriemontage.sk\/de\/dienstleistungen\/#primaryimage\",\"url\":\"https:\/\/www.industriemontage.sk\/wp-content\/uploads\/2025\/04\/man-helmet-is-moving-piece-rail-metal-factory.jpg\",\"contentUrl\":\"https:\/\/www.industriemontage.sk\/wp-content\/uploads\/2025\/04\/man-helmet-is-moving-piece-rail-metal-factory.jpg\",\"width\":2000,\"height\":1333,\"caption\":\"Mann mit Helm bewegt ein Schienenst\u00fcck in einer Metallfabrik.\"},{\"@type\":\"BreadcrumbList\",\"@id\":\"https:\/\/www.industriemontage.sk\/de\/dienstleistungen\/#breadcrumb\",\"itemListElement\":[{\"@type\":\"ListItem\",\"position\":1,\"name\":\"Domovsk\u00e1 str\u00e1nka\",\"item\":\"https:\/\/www.industriemontage.sk\/de\/einleitung\/\"},{\"@type\":\"ListItem\",\"position\":2,\"name\":\"Dienstleistungen\"}]},{\"@type\":\"WebSite\",\"@id\":\"https:\/\/www.industriemontage.sk\/#website\",\"url\":\"https:\/\/www.industriemontage.sk\/\",\"name\":\"Industrial\",\"description\":\"\",\"potentialAction\":[{\"@type\":\"SearchAction\",\"target\":{\"@type\":\"EntryPoint\",\"urlTemplate\":\"https:\/\/www.industriemontage.sk\/?s={search_term_string}\"},\"query-input\":{\"@type\":\"PropertyValueSpecification\",\"valueRequired\":true,\"valueName\":\"search_term_string\"}}],\"inLanguage\":\"de\"}]}<\/script>\n<!-- \/ Yoast SEO plugin. -->","yoast_head_json":{"title":"Dienstleistungen - Industriemontage","robots":{"index":"index","follow":"follow","max-snippet":"max-snippet:-1","max-image-preview":"max-image-preview:large","max-video-preview":"max-video-preview:-1"},"canonical":"https:\/\/www.industriemontage.sk\/de\/dienstleistungen\/","og_locale":"de_DE","og_type":"article","og_title":"Dienstleistungen - Industriemontage","og_description":"Unsere Dienstleistungen umfassen: Wir bieten umfassende Dienstleistungen im Bereich der Maschinenbaufertigung \u2013 von der Entwicklung einer technischen L\u00f6sung \u00fcber die Konstruktions- und Produktionsphase bis hin zur Auslieferung des Produkts. Dank unseres internen Know-hows, moderner Technologien und eines erfahrenen Teams gew\u00e4hrleisten wir die reibungslose und qualitativ hochwertige Abwicklung jedes Auftrags.","og_url":"https:\/\/www.industriemontage.sk\/de\/dienstleistungen\/","og_site_name":"Industriemontage","article_modified_time":"2025-12-08T07:17:41+00:00","og_image":[{"width":2000,"height":1333,"url":"https:\/\/www.industriemontage.sk\/wp-content\/uploads\/2025\/04\/man-helmet-is-moving-piece-rail-metal-factory.jpg","type":"image\/jpeg"}],"twitter_card":"summary_large_image","twitter_misc":{"Gesch\u00e4tzte Lesezeit":"2\u00a0Minuten"},"schema":{"@context":"https:\/\/schema.org","@graph":[{"@type":"WebPage","@id":"https:\/\/www.industriemontage.sk\/de\/dienstleistungen\/","url":"https:\/\/www.industriemontage.sk\/de\/dienstleistungen\/","name":"Dienstleistungen - Industriemontage","isPartOf":{"@id":"https:\/\/www.industriemontage.sk\/#website"},"primaryImageOfPage":{"@id":"https:\/\/www.industriemontage.sk\/de\/dienstleistungen\/#primaryimage"},"image":{"@id":"https:\/\/www.industriemontage.sk\/de\/dienstleistungen\/#primaryimage"},"thumbnailUrl":"https:\/\/www.industriemontage.sk\/wp-content\/uploads\/2025\/04\/man-helmet-is-moving-piece-rail-metal-factory.jpg","datePublished":"2025-04-24T07:45:38+00:00","dateModified":"2025-12-08T07:17:41+00:00","breadcrumb":{"@id":"https:\/\/www.industriemontage.sk\/de\/dienstleistungen\/#breadcrumb"},"inLanguage":"de","potentialAction":[{"@type":"ReadAction","target":["https:\/\/www.industriemontage.sk\/de\/dienstleistungen\/"]}]},{"@type":"ImageObject","inLanguage":"de","@id":"https:\/\/www.industriemontage.sk\/de\/dienstleistungen\/#primaryimage","url":"https:\/\/www.industriemontage.sk\/wp-content\/uploads\/2025\/04\/man-helmet-is-moving-piece-rail-metal-factory.jpg","contentUrl":"https:\/\/www.industriemontage.sk\/wp-content\/uploads\/2025\/04\/man-helmet-is-moving-piece-rail-metal-factory.jpg","width":2000,"height":1333,"caption":"Mann mit Helm bewegt ein Schienenst\u00fcck in einer Metallfabrik."},{"@type":"BreadcrumbList","@id":"https:\/\/www.industriemontage.sk\/de\/dienstleistungen\/#breadcrumb","itemListElement":[{"@type":"ListItem","position":1,"name":"Domovsk\u00e1 str\u00e1nka","item":"https:\/\/www.industriemontage.sk\/de\/einleitung\/"},{"@type":"ListItem","position":2,"name":"Dienstleistungen"}]},{"@type":"WebSite","@id":"https:\/\/www.industriemontage.sk\/#website","url":"https:\/\/www.industriemontage.sk\/","name":"Industrial","description":"","potentialAction":[{"@type":"SearchAction","target":{"@type":"EntryPoint","urlTemplate":"https:\/\/www.industriemontage.sk\/?s={search_term_string}"},"query-input":{"@type":"PropertyValueSpecification","valueRequired":true,"valueName":"search_term_string"}}],"inLanguage":"de"}]}},"_links":{"self":[{"href":"https:\/\/www.industriemontage.sk\/de\/wp-json\/wp\/v2\/pages\/1287","targetHints":{"allow":["GET"]}}],"collection":[{"href":"https:\/\/www.industriemontage.sk\/de\/wp-json\/wp\/v2\/pages"}],"about":[{"href":"https:\/\/www.industriemontage.sk\/de\/wp-json\/wp\/v2\/types\/page"}],"author":[{"embeddable":true,"href":"https:\/\/www.industriemontage.sk\/de\/wp-json\/wp\/v2\/users\/3"}],"replies":[{"embeddable":true,"href":"https:\/\/www.industriemontage.sk\/de\/wp-json\/wp\/v2\/comments?post=1287"}],"version-history":[{"count":5,"href":"https:\/\/www.industriemontage.sk\/de\/wp-json\/wp\/v2\/pages\/1287\/revisions"}],"predecessor-version":[{"id":1418,"href":"https:\/\/www.industriemontage.sk\/de\/wp-json\/wp\/v2\/pages\/1287\/revisions\/1418"}],"wp:featuredmedia":[{"embeddable":true,"href":"https:\/\/www.industriemontage.sk\/de\/wp-json\/wp\/v2\/media\/1104"}],"wp:attachment":[{"href":"https:\/\/www.industriemontage.sk\/de\/wp-json\/wp\/v2\/media?parent=1287"}],"curies":[{"name":"wp","href":"https:\/\/api.w.org\/{rel}","templated":true}]}}