{"id":1265,"date":"2024-09-18T11:02:27","date_gmt":"2024-09-18T09:02:27","guid":{"rendered":"https:\/\/www.industriemontage.sk\/personalueberlassung\/"},"modified":"2025-12-05T10:23:15","modified_gmt":"2025-12-05T09:23:15","slug":"vermietung","status":"publish","type":"page","link":"https:\/\/www.industriemontage.sk\/de\/vermietung\/","title":{"rendered":"Vermietung"},"content":{"rendered":"<div id=\"pl-1265\"  class=\"panel-layout\" ><div id=\"pg-1265-0\"  class=\"panel-grid panel-no-style\" ><div id=\"pgc-1265-0-0\"  class=\"panel-grid-cell\" ><div id=\"panel-1265-0-0-0\" class=\"so-panel widget widget_sow-editor panel-first-child panel-last-child\" data-index=\"0\" ><div\n\t\t\t\n\t\t\tclass=\"so-widget-sow-editor so-widget-sow-editor-base\"\n\t\t\t\n\t\t>\n<div class=\"siteorigin-widget-tinymce textwidget\">\n\t<ul>\n<li>So arbeiten wir<\/li>\n<\/ul>\n<\/div>\n<\/div><\/div><\/div><div id=\"pgc-1265-0-1\"  class=\"panel-grid-cell\" ><div id=\"panel-1265-0-1-0\" class=\"so-panel widget widget_sow-editor panel-first-child panel-last-child\" data-index=\"1\" ><div\n\t\t\t\n\t\t\tclass=\"so-widget-sow-editor so-widget-sow-editor-base\"\n\t\t\t\n\t\t>\n<div class=\"siteorigin-widget-tinymce textwidget\">\n\t<h3>Im Rahmen der Zeitarbeit bieten wir flexible Personalkapazit\u00e4ten f\u00fcr Produktions-, Montage- und technische Projekte.<\/h3>\n<p>Wir verf\u00fcgen \u00fcber qualifiziertes Personal mit Erfahrung in den Bereichen Maschinenbau, Energie, Petrochemie und Lebensmittelindustrie.<\/p>\n<\/div>\n<\/div><\/div><\/div><\/div><div id=\"pg-1265-1\"  class=\"panel-grid panel-no-style\" ><div id=\"pgc-1265-1-0\"  class=\"panel-grid-cell\" ><div id=\"panel-1265-1-0-0\" class=\"so-panel widget widget_sow-editor panel-first-child panel-last-child\" data-index=\"2\" ><div\n\t\t\t\n\t\t\tclass=\"so-widget-sow-editor so-widget-sow-editor-base\"\n\t\t\t\n\t\t>\n<div class=\"siteorigin-widget-tinymce textwidget\">\n\t<hr \/>\n<\/div>\n<\/div><\/div><\/div><\/div><div id=\"pg-1265-2\"  class=\"panel-grid panel-no-style\" ><div id=\"pgc-1265-2-0\"  class=\"panel-grid-cell\" ><div id=\"panel-1265-2-0-0\" class=\"so-panel widget widget_sow-image panel-first-child\" data-index=\"3\" ><div class=\"panel-widget-style panel-widget-style-for-1265-2-0-0\" ><div\n\t\t\t\n\t\t\tclass=\"so-widget-sow-image so-widget-sow-image-default-8b5b6f678277-1265\"\n\t\t\t\n\t\t>\n<div class=\"sow-image-container\">\n\t\t<img \n\tsrc=\"https:\/\/www.industriemontage.sk\/wp-content\/uploads\/2024\/09\/Group-120.svg\" width=\"33\" height=\"33\" sizes=\"(max-width: 33px) 100vw, 33px\" title=\"Group 120\" alt=\"\" \t\tclass=\"so-widget-image\"\/>\n\t<\/div>\n\n<\/div><\/div><\/div><div id=\"panel-1265-2-0-1\" class=\"so-panel widget widget_sow-editor panel-last-child\" data-index=\"4\" ><div\n\t\t\t\n\t\t\tclass=\"so-widget-sow-editor so-widget-sow-editor-base\"\n\t\t\t\n\t\t>\n<div class=\"siteorigin-widget-tinymce textwidget\">\n\t<h2>Wir bieten:<\/h2>\n<\/div>\n<\/div><\/div><\/div><div id=\"pgc-1265-2-1\"  class=\"panel-grid-cell\" ><div id=\"panel-1265-2-1-0\" class=\"so-panel widget widget_siteorigin-panels-builder panel-first-child panel-last-child\" data-index=\"5\" ><div class=\"panel-widget-style panel-widget-style-for-1265-2-1-0\" ><div id=\"pl-w6932a48352256\"  class=\"panel-layout\" ><div id=\"pg-w6932a48352256-0\"  class=\"panel-grid panel-no-style\" ><div id=\"pgc-w6932a48352256-0-0\"  class=\"panel-grid-cell\" ><div id=\"panel-w6932a48352256-0-0-0\" class=\"so-panel widget widget_sow-editor panel-first-child panel-last-child\" data-index=\"0\" ><div\n\t\t\t\n\t\t\tclass=\"so-widget-sow-editor so-widget-sow-editor-base\"\n\t\t\t\n\t\t>\n<div class=\"siteorigin-widget-tinymce textwidget\">\n\t<h4>Zeitarbeit<\/h4>\n<p>(Schwei\u00dfer, Monteure, Schlosser, Mechaniker, CNC-Bediener)<\/p>\n<h4 style=\"padding-top: 20px;\">Vermietung von technischen Teams<\/h4>\n<p>f\u00fcr Projekte in der Slowakischen Republik und im Ausland<\/p>\n<h4 style=\"padding-top: 20px;\">Umfassendes Personalmanagement<\/h4>\n<p>inklusive Logistik, Unterkunft und Koordination<\/p>\n<h4 style=\"padding-top: 30px; color: #AFCB08\">Neben Personal bieten wir auch:<\/h4>\n<h4 style=\"padding-top: 20px;\">Vermietung von Ausr\u00fcstung und Montageanlagen<\/h4>\n<p>(Schwei\u00dfger\u00e4te, Hebezeuge, Werkzeuge)<\/p>\n<h4 style=\"padding-top: 20px;\">Maschinen f\u00fcr Produktion und Bearbeitung<\/h4>\n<p>nach Kundenwunsch<\/p>\n<h4 style=\"padding-top: 20px;\">Unterst\u00fctzung bei der Inbetriebnahme der Ausr\u00fcstung<\/h4>\n<p>und deren Bedienung durch qualifiziertes Personal<\/p>\n<\/div>\n<\/div><\/div><\/div><div id=\"pgc-w6932a48352256-0-1\"  class=\"panel-grid-cell\" ><div id=\"panel-w6932a48352256-0-1-0\" class=\"so-panel widget widget_sow-image panel-first-child\" data-index=\"1\" ><div\n\t\t\t\n\t\t\tclass=\"so-widget-sow-image so-widget-sow-image-default-8b5b6f678277\"\n\t\t\t\n\t\t>\n<div class=\"sow-image-container\">\n\t\t<img \n\tsrc=\"https:\/\/www.industriemontage.sk\/wp-content\/uploads\/2025\/04\/prenajom.jpg\" width=\"1080\" height=\"1324\" srcset=\"https:\/\/www.industriemontage.sk\/wp-content\/uploads\/2025\/04\/prenajom.jpg 1080w, https:\/\/www.industriemontage.sk\/wp-content\/uploads\/2025\/04\/prenajom-245x300.jpg 245w, https:\/\/www.industriemontage.sk\/wp-content\/uploads\/2025\/04\/prenajom-835x1024.jpg 835w\" sizes=\"(max-width: 1080px) 100vw, 1080px\" title=\"Vermietung\" alt=\"\" \t\tclass=\"so-widget-image\"\/>\n\t<\/div>\n\n<\/div><\/div><div id=\"panel-w6932a48352256-0-1-1\" class=\"so-panel widget widget_sow-editor panel-last-child\" data-index=\"2\" ><div\n\t\t\t\n\t\t\tclass=\"so-widget-sow-editor so-widget-sow-editor-base\"\n\t\t\t\n\t\t>\n<div class=\"siteorigin-widget-tinymce textwidget\">\n\t<p><a class=\"main-btn scroll\" href=\".\/kontakt\/#contact\">Ich bin an Ihren Dienstleistungen interessiert<\/a><\/p>\n<\/div>\n<\/div><\/div><\/div><\/div><\/div><\/div><\/div><\/div><\/div><div id=\"pg-1265-3\"  class=\"panel-grid panel-has-style\" ><div class=\"panel-row-style panel-row-style-for-1265-3\" ><div id=\"pgc-1265-3-0\"  class=\"panel-grid-cell panel-grid-cell-empty\" ><\/div><div id=\"pgc-1265-3-1\"  class=\"panel-grid-cell\" ><div id=\"panel-1265-3-1-0\" class=\"so-panel widget widget_sow-editor panel-first-child panel-last-child\" data-index=\"6\" ><div\n\t\t\t\n\t\t\tclass=\"so-widget-sow-editor so-widget-sow-editor-base\"\n\t\t\t\n\t\t>\n<div class=\"siteorigin-widget-tinymce textwidget\">\n\t<h2>Unsere Priorit\u00e4t sind zuverl\u00e4ssige Leistung, Fachkompetenz und die schnelle Verf\u00fcgbarkeit von Kapazit\u00e4ten, die Ihren Projektanforderungen entsprechen.<\/h2>\n<\/div>\n<\/div><\/div><\/div><\/div><\/div><div id=\"pg-1265-4\"  class=\"panel-grid panel-no-style\" ><div id=\"pgc-1265-4-0\"  class=\"panel-grid-cell\" ><div id=\"panel-1265-4-0-0\" class=\"so-panel widget widget_sow-editor panel-first-child panel-last-child\" data-index=\"7\" ><div class=\"panel-widget-style panel-widget-style-for-1265-4-0-0\" ><div\n\t\t\t\n\t\t\tclass=\"so-widget-sow-editor so-widget-sow-editor-base\"\n\t\t\t\n\t\t>\n<div class=\"siteorigin-widget-tinymce textwidget\">\n\t<h3>Warum sollten Sie uns kontaktieren?<\/h3>\n<\/div>\n<\/div><\/div><\/div><\/div><\/div><div id=\"pg-1265-5\"  class=\"panel-grid panel-no-style\" ><div id=\"pgc-1265-5-0\"  class=\"panel-grid-cell\" ><div id=\"panel-1265-5-0-0\" class=\"so-panel widget widget_siteorigin-panels-builder panel-first-child panel-last-child\" data-index=\"8\" ><div class=\"panel-widget-style panel-widget-style-for-1265-5-0-0\" ><div id=\"pl-w6931955474e0a\"  class=\"panel-layout\" ><div id=\"pg-w6931955474e0a-0\"  class=\"panel-grid panel-no-style\" ><div id=\"pgc-w6931955474e0a-0-0\"  class=\"panel-grid-cell\" ><div id=\"panel-w6931955474e0a-0-0-0\" class=\"so-panel widget widget_sow-editor panel-first-child panel-last-child\" data-index=\"0\" ><div class=\"panel-widget-style panel-widget-style-for-w6931955474e0a-0-0-0\" ><div\n\t\t\t\n\t\t\tclass=\"so-widget-sow-editor so-widget-sow-editor-base\"\n\t\t\t\n\t\t>\n<div class=\"siteorigin-widget-tinymce textwidget\">\n\t<h2 style=\"color:#fff; margin-bottom: 0 !important\">170+<\/h2>\n<p style=\"color:#fff;\">Geschulte und zertifizierte Mitarbeiterv<\/p>\n<\/div>\n<\/div><\/div><\/div><\/div><\/div><div id=\"pg-w6931955474e0a-1\"  class=\"panel-grid panel-no-style\" ><div id=\"pgc-w6931955474e0a-1-0\"  class=\"panel-grid-cell\" ><div id=\"panel-w6931955474e0a-1-0-0\" class=\"so-panel widget widget_sow-editor panel-first-child panel-last-child\" data-index=\"1\" ><div class=\"panel-widget-style panel-widget-style-for-w6931955474e0a-1-0-0\" ><div\n\t\t\t\n\t\t\tclass=\"so-widget-sow-editor so-widget-sow-editor-base\"\n\t\t\t\n\t\t>\n<div class=\"siteorigin-widget-tinymce textwidget\">\n\t<p style=\"color:#fff; margin-top: 0 !important\">Alle unsere Schwei\u00dfer besitzen g\u00fcltige Schwei\u00dferzertifikate und wir verarbeiten alle Materialien, Durchmesser und St\u00e4rken. Unsere Mitarbeiter verf\u00fcgen \u00fcber gute Deutsch- und Englischkenntnisse.<\/p>\n<\/div>\n<\/div><\/div><\/div><\/div><\/div><\/div><\/div><\/div><\/div><div id=\"pgc-1265-5-1\"  class=\"panel-grid-cell\" ><div id=\"panel-1265-5-1-0\" class=\"so-panel widget widget_siteorigin-panels-builder panel-first-child\" data-index=\"9\" ><div class=\"panel-widget-style panel-widget-style-for-1265-5-1-0\" ><div id=\"pl-w69319554756e2\"  class=\"panel-layout\" ><div id=\"pg-w69319554756e2-0\"  class=\"panel-grid panel-no-style\" ><div id=\"pgc-w69319554756e2-0-0\"  class=\"panel-grid-cell panel-grid-cell-empty\" ><\/div><div id=\"pgc-w69319554756e2-0-1\"  class=\"panel-grid-cell\" ><div id=\"panel-w69319554756e2-0-1-0\" class=\"so-panel widget widget_sow-editor panel-first-child panel-last-child\" data-index=\"0\" ><div class=\"panel-widget-style panel-widget-style-for-w69319554756e2-0-1-0\" ><div\n\t\t\t\n\t\t\tclass=\"so-widget-sow-editor so-widget-sow-editor-base\"\n\t\t\t\n\t\t>\n<div class=\"siteorigin-widget-tinymce textwidget\">\n\t<h1 style=\"font-size: 9em; margin: 0px;\">10+<\/h1>\n<p>Langj\u00e4hrige Erfahrung in Projekten f\u00fcr ausl\u00e4ndische Kunden.<\/p>\n<\/div>\n<\/div><\/div><\/div><\/div><\/div><\/div><\/div><\/div><div id=\"panel-1265-5-1-1\" class=\"so-panel widget widget_siteorigin-panels-builder panel-last-child\" data-index=\"10\" ><div id=\"pl-w6931955475b8e\"  class=\"panel-layout\" ><div id=\"pg-w6931955475b8e-0\"  class=\"panel-grid panel-has-style\" ><div class=\"panel-row-style panel-row-style-for-w6931955475b8e-0\" ><div id=\"pgc-w6931955475b8e-0-0\"  class=\"panel-grid-cell\" ><div id=\"panel-w6931955475b8e-0-0-0\" class=\"so-panel widget widget_siteorigin-panels-builder panel-first-child panel-last-child\" data-index=\"0\" ><div id=\"pl-w6931955475b9f\"  class=\"panel-layout\" ><div id=\"pg-w6931955475b9f-0\"  class=\"panel-grid panel-has-style\" ><div class=\"panel-row-style panel-row-style-for-w6931955475b9f-0\" ><div id=\"pgc-w6931955475b9f-0-0\"  class=\"panel-grid-cell\" ><div id=\"panel-w6931955475b9f-0-0-0\" class=\"so-panel widget widget_sow-editor panel-first-child panel-last-child\" data-index=\"0\" ><div\n\t\t\t\n\t\t\tclass=\"so-widget-sow-editor so-widget-sow-editor-base\"\n\t\t\t\n\t\t>\n<div class=\"siteorigin-widget-tinymce textwidget\">\n\t<h2>400+<\/h2>\n<\/div>\n<\/div><\/div><\/div><div id=\"pgc-w6931955475b9f-0-1\"  class=\"panel-grid-cell\" ><div id=\"panel-w6931955475b9f-0-1-0\" class=\"so-panel widget widget_sow-editor panel-first-child panel-last-child\" data-index=\"1\" ><div\n\t\t\t\n\t\t\tclass=\"so-widget-sow-editor so-widget-sow-editor-base\"\n\t\t\t\n\t\t>\n<div class=\"siteorigin-widget-tinymce textwidget\">\n\t<p>Erfolgreich umgesetzte Projekte<\/p>\n<\/div>\n<\/div><\/div><\/div><\/div><\/div><div id=\"pg-w6931955475b9f-1\"  class=\"panel-grid panel-has-style\" ><div class=\"panel-row-style panel-row-style-for-w6931955475b9f-1\" ><div id=\"pgc-w6931955475b9f-1-0\"  class=\"panel-grid-cell\" ><div id=\"panel-w6931955475b9f-1-0-0\" class=\"so-panel widget widget_sow-editor panel-first-child panel-last-child\" data-index=\"2\" ><div\n\t\t\t\n\t\t\tclass=\"so-widget-sow-editor so-widget-sow-editor-base\"\n\t\t\t\n\t\t>\n<div class=\"siteorigin-widget-tinymce textwidget\">\n\t<h2>10+<\/h2>\n<\/div>\n<\/div><\/div><\/div><div id=\"pgc-w6931955475b9f-1-1\"  class=\"panel-grid-cell\" ><div id=\"panel-w6931955475b9f-1-1-0\" class=\"so-panel widget widget_sow-editor panel-first-child panel-last-child\" data-index=\"3\" ><div\n\t\t\t\n\t\t\tclass=\"so-widget-sow-editor so-widget-sow-editor-base\"\n\t\t\t\n\t\t>\n<div class=\"siteorigin-widget-tinymce textwidget\">\n\t<p>Abgedeckte Berufsfelder<\/p>\n<\/div>\n<\/div><\/div><\/div><\/div><\/div><div id=\"pg-w6931955475b9f-2\"  class=\"panel-grid panel-no-style\" ><div id=\"pgc-w6931955475b9f-2-0\"  class=\"panel-grid-cell\" ><div id=\"panel-w6931955475b9f-2-0-0\" class=\"so-panel widget widget_sow-editor panel-first-child panel-last-child\" data-index=\"4\" ><div\n\t\t\t\n\t\t\tclass=\"so-widget-sow-editor so-widget-sow-editor-base\"\n\t\t\t\n\t\t>\n<div class=\"siteorigin-widget-tinymce textwidget\">\n\t<h2>5<\/h2>\n<\/div>\n<\/div><\/div><\/div><div id=\"pgc-w6931955475b9f-2-1\"  class=\"panel-grid-cell\" ><div id=\"panel-w6931955475b9f-2-1-0\" class=\"so-panel widget widget_sow-editor panel-first-child panel-last-child\" data-index=\"5\" ><div\n\t\t\t\n\t\t\tclass=\"so-widget-sow-editor so-widget-sow-editor-base\"\n\t\t\t\n\t\t>\n<div class=\"siteorigin-widget-tinymce textwidget\">\n\t<p>L\u00e4nder, in denen wir t\u00e4tig sind<\/p>\n<\/div>\n<\/div><\/div><\/div><\/div><\/div><\/div><\/div><div id=\"pgc-w6931955475b8e-0-1\"  class=\"panel-grid-cell\" ><div id=\"panel-w6931955475b8e-0-1-0\" class=\"so-panel widget widget_sow-editor panel-first-child panel-last-child\" data-index=\"1\" ><div\n\t\t\t\n\t\t\tclass=\"so-widget-sow-editor so-widget-sow-editor-base\"\n\t\t\t\n\t\t>\n<div class=\"siteorigin-widget-tinymce textwidget\">\n\t<h4>Wir sind stolz darauf, umfassende L\u00f6sungen anzubieten, die auf die Bed\u00fcrfnisse unserer Kunden zugeschnitten sind.<\/h4>\n<p><a class=\"main-btn scroll\" href=\".\/kontakt\/#contact\">Ich bin interessiert.<\/a><\/p>\n<\/div>\n<\/div><\/div><\/div><\/div><\/div><\/div><\/div><\/div><\/div><\/div>","protected":false},"excerpt":{"rendered":"<p>So arbeiten wir Im Rahmen der Zeitarbeit bieten wir flexible Personalkapazit\u00e4ten f\u00fcr Produktions-, Montage- und technische Projekte. Wir verf\u00fcgen \u00fcber qualifiziertes Personal mit Erfahrung in den Bereichen Maschinenbau, Energie, Petrochemie und Lebensmittelindustrie.<\/p>\n","protected":false},"author":3,"featured_media":1263,"parent":0,"menu_order":0,"comment_status":"closed","ping_status":"closed","template":"","meta":{"_acf_changed":false,"inline_featured_image":false,"footnotes":""},"class_list":["post-1265","page","type-page","status-publish","has-post-thumbnail","hentry"],"acf":[],"yoast_head":"<!-- This site is optimized with the Yoast SEO plugin v26.5 - https:\/\/yoast.com\/wordpress\/plugins\/seo\/ -->\n<title>Vermietung - Industriemontage<\/title>\n<meta name=\"robots\" content=\"index, follow, max-snippet:-1, max-image-preview:large, max-video-preview:-1\" \/>\n<link rel=\"canonical\" href=\"https:\/\/www.industriemontage.sk\/de\/vermietung\/\" \/>\n<meta property=\"og:locale\" content=\"de_DE\" \/>\n<meta property=\"og:type\" content=\"article\" \/>\n<meta property=\"og:title\" content=\"Vermietung - Industriemontage\" \/>\n<meta property=\"og:description\" content=\"So arbeiten wir Im Rahmen der Zeitarbeit bieten wir flexible Personalkapazit\u00e4ten f\u00fcr Produktions-, Montage- und technische Projekte. Wir verf\u00fcgen \u00fcber qualifiziertes Personal mit Erfahrung in den Bereichen Maschinenbau, Energie, Petrochemie und Lebensmittelindustrie.\" \/>\n<meta property=\"og:url\" content=\"https:\/\/www.industriemontage.sk\/de\/vermietung\/\" \/>\n<meta property=\"og:site_name\" content=\"Industriemontage\" \/>\n<meta property=\"article:modified_time\" content=\"2025-12-05T09:23:15+00:00\" \/>\n<meta property=\"og:image\" content=\"https:\/\/www.industriemontage.sk\/wp-content\/uploads\/2024\/09\/portrait-young-worker-hard-hat-large-waste-recycling-factory-e1726650133182.jpg\" \/>\n\t<meta property=\"og:image:width\" content=\"2500\" \/>\n\t<meta property=\"og:image:height\" content=\"1669\" \/>\n\t<meta property=\"og:image:type\" content=\"image\/jpeg\" \/>\n<meta name=\"twitter:card\" content=\"summary_large_image\" \/>\n<meta name=\"twitter:label1\" content=\"Gesch\u00e4tzte Lesezeit\" \/>\n\t<meta name=\"twitter:data1\" content=\"1\u00a0Minute\" \/>\n<script type=\"application\/ld+json\" class=\"yoast-schema-graph\">{\"@context\":\"https:\/\/schema.org\",\"@graph\":[{\"@type\":\"WebPage\",\"@id\":\"https:\/\/www.industriemontage.sk\/de\/vermietung\/\",\"url\":\"https:\/\/www.industriemontage.sk\/de\/vermietung\/\",\"name\":\"Vermietung - Industriemontage\",\"isPartOf\":{\"@id\":\"https:\/\/www.industriemontage.sk\/#website\"},\"primaryImageOfPage\":{\"@id\":\"https:\/\/www.industriemontage.sk\/de\/vermietung\/#primaryimage\"},\"image\":{\"@id\":\"https:\/\/www.industriemontage.sk\/de\/vermietung\/#primaryimage\"},\"thumbnailUrl\":\"https:\/\/www.industriemontage.sk\/wp-content\/uploads\/2024\/09\/portrait-young-worker-hard-hat-large-waste-recycling-factory-e1726650133182.jpg\",\"datePublished\":\"2024-09-18T09:02:27+00:00\",\"dateModified\":\"2025-12-05T09:23:15+00:00\",\"breadcrumb\":{\"@id\":\"https:\/\/www.industriemontage.sk\/de\/vermietung\/#breadcrumb\"},\"inLanguage\":\"de\",\"potentialAction\":[{\"@type\":\"ReadAction\",\"target\":[\"https:\/\/www.industriemontage.sk\/de\/vermietung\/\"]}]},{\"@type\":\"ImageObject\",\"inLanguage\":\"de\",\"@id\":\"https:\/\/www.industriemontage.sk\/de\/vermietung\/#primaryimage\",\"url\":\"https:\/\/www.industriemontage.sk\/wp-content\/uploads\/2024\/09\/portrait-young-worker-hard-hat-large-waste-recycling-factory-e1726650133182.jpg\",\"contentUrl\":\"https:\/\/www.industriemontage.sk\/wp-content\/uploads\/2024\/09\/portrait-young-worker-hard-hat-large-waste-recycling-factory-e1726650133182.jpg\",\"width\":2500,\"height\":1669},{\"@type\":\"BreadcrumbList\",\"@id\":\"https:\/\/www.industriemontage.sk\/de\/vermietung\/#breadcrumb\",\"itemListElement\":[{\"@type\":\"ListItem\",\"position\":1,\"name\":\"Domovsk\u00e1 str\u00e1nka\",\"item\":\"https:\/\/www.industriemontage.sk\/de\/einleitung\/\"},{\"@type\":\"ListItem\",\"position\":2,\"name\":\"Vermietung\"}]},{\"@type\":\"WebSite\",\"@id\":\"https:\/\/www.industriemontage.sk\/#website\",\"url\":\"https:\/\/www.industriemontage.sk\/\",\"name\":\"Industrial\",\"description\":\"\",\"potentialAction\":[{\"@type\":\"SearchAction\",\"target\":{\"@type\":\"EntryPoint\",\"urlTemplate\":\"https:\/\/www.industriemontage.sk\/?s={search_term_string}\"},\"query-input\":{\"@type\":\"PropertyValueSpecification\",\"valueRequired\":true,\"valueName\":\"search_term_string\"}}],\"inLanguage\":\"de\"}]}<\/script>\n<!-- \/ Yoast SEO plugin. -->","yoast_head_json":{"title":"Vermietung - Industriemontage","robots":{"index":"index","follow":"follow","max-snippet":"max-snippet:-1","max-image-preview":"max-image-preview:large","max-video-preview":"max-video-preview:-1"},"canonical":"https:\/\/www.industriemontage.sk\/de\/vermietung\/","og_locale":"de_DE","og_type":"article","og_title":"Vermietung - Industriemontage","og_description":"So arbeiten wir Im Rahmen der Zeitarbeit bieten wir flexible Personalkapazit\u00e4ten f\u00fcr Produktions-, Montage- und technische Projekte. Wir verf\u00fcgen \u00fcber qualifiziertes Personal mit Erfahrung in den Bereichen Maschinenbau, Energie, Petrochemie und Lebensmittelindustrie.","og_url":"https:\/\/www.industriemontage.sk\/de\/vermietung\/","og_site_name":"Industriemontage","article_modified_time":"2025-12-05T09:23:15+00:00","og_image":[{"width":2500,"height":1669,"url":"https:\/\/www.industriemontage.sk\/wp-content\/uploads\/2024\/09\/portrait-young-worker-hard-hat-large-waste-recycling-factory-e1726650133182.jpg","type":"image\/jpeg"}],"twitter_card":"summary_large_image","twitter_misc":{"Gesch\u00e4tzte Lesezeit":"1\u00a0Minute"},"schema":{"@context":"https:\/\/schema.org","@graph":[{"@type":"WebPage","@id":"https:\/\/www.industriemontage.sk\/de\/vermietung\/","url":"https:\/\/www.industriemontage.sk\/de\/vermietung\/","name":"Vermietung - Industriemontage","isPartOf":{"@id":"https:\/\/www.industriemontage.sk\/#website"},"primaryImageOfPage":{"@id":"https:\/\/www.industriemontage.sk\/de\/vermietung\/#primaryimage"},"image":{"@id":"https:\/\/www.industriemontage.sk\/de\/vermietung\/#primaryimage"},"thumbnailUrl":"https:\/\/www.industriemontage.sk\/wp-content\/uploads\/2024\/09\/portrait-young-worker-hard-hat-large-waste-recycling-factory-e1726650133182.jpg","datePublished":"2024-09-18T09:02:27+00:00","dateModified":"2025-12-05T09:23:15+00:00","breadcrumb":{"@id":"https:\/\/www.industriemontage.sk\/de\/vermietung\/#breadcrumb"},"inLanguage":"de","potentialAction":[{"@type":"ReadAction","target":["https:\/\/www.industriemontage.sk\/de\/vermietung\/"]}]},{"@type":"ImageObject","inLanguage":"de","@id":"https:\/\/www.industriemontage.sk\/de\/vermietung\/#primaryimage","url":"https:\/\/www.industriemontage.sk\/wp-content\/uploads\/2024\/09\/portrait-young-worker-hard-hat-large-waste-recycling-factory-e1726650133182.jpg","contentUrl":"https:\/\/www.industriemontage.sk\/wp-content\/uploads\/2024\/09\/portrait-young-worker-hard-hat-large-waste-recycling-factory-e1726650133182.jpg","width":2500,"height":1669},{"@type":"BreadcrumbList","@id":"https:\/\/www.industriemontage.sk\/de\/vermietung\/#breadcrumb","itemListElement":[{"@type":"ListItem","position":1,"name":"Domovsk\u00e1 str\u00e1nka","item":"https:\/\/www.industriemontage.sk\/de\/einleitung\/"},{"@type":"ListItem","position":2,"name":"Vermietung"}]},{"@type":"WebSite","@id":"https:\/\/www.industriemontage.sk\/#website","url":"https:\/\/www.industriemontage.sk\/","name":"Industrial","description":"","potentialAction":[{"@type":"SearchAction","target":{"@type":"EntryPoint","urlTemplate":"https:\/\/www.industriemontage.sk\/?s={search_term_string}"},"query-input":{"@type":"PropertyValueSpecification","valueRequired":true,"valueName":"search_term_string"}}],"inLanguage":"de"}]}},"_links":{"self":[{"href":"https:\/\/www.industriemontage.sk\/de\/wp-json\/wp\/v2\/pages\/1265","targetHints":{"allow":["GET"]}}],"collection":[{"href":"https:\/\/www.industriemontage.sk\/de\/wp-json\/wp\/v2\/pages"}],"about":[{"href":"https:\/\/www.industriemontage.sk\/de\/wp-json\/wp\/v2\/types\/page"}],"author":[{"embeddable":true,"href":"https:\/\/www.industriemontage.sk\/de\/wp-json\/wp\/v2\/users\/3"}],"replies":[{"embeddable":true,"href":"https:\/\/www.industriemontage.sk\/de\/wp-json\/wp\/v2\/comments?post=1265"}],"version-history":[{"count":4,"href":"https:\/\/www.industriemontage.sk\/de\/wp-json\/wp\/v2\/pages\/1265\/revisions"}],"predecessor-version":[{"id":1275,"href":"https:\/\/www.industriemontage.sk\/de\/wp-json\/wp\/v2\/pages\/1265\/revisions\/1275"}],"wp:featuredmedia":[{"embeddable":true,"href":"https:\/\/www.industriemontage.sk\/de\/wp-json\/wp\/v2\/media\/1263"}],"wp:attachment":[{"href":"https:\/\/www.industriemontage.sk\/de\/wp-json\/wp\/v2\/media?parent=1265"}],"curies":[{"name":"wp","href":"https:\/\/api.w.org\/{rel}","templated":true}]}}