{"id":1186,"date":"2024-09-06T13:44:26","date_gmt":"2024-09-06T11:44:26","guid":{"rendered":"https:\/\/www.industriemontage.sk\/nerezove-a-ocelove-potrubne-rozvody\/"},"modified":"2025-12-05T09:24:40","modified_gmt":"2025-12-05T08:24:40","slug":"edelstahl-und-stahlrohrsysteme","status":"publish","type":"page","link":"https:\/\/www.industriemontage.sk\/de\/edelstahl-und-stahlrohrsysteme\/","title":{"rendered":"Edelstahl- und Stahlrohrsysteme"},"content":{"rendered":"<div id=\"pl-1186\"  class=\"panel-layout\" ><div id=\"pg-1186-0\"  class=\"panel-grid panel-no-style\" ><div id=\"pgc-1186-0-0\"  class=\"panel-grid-cell\" ><div id=\"panel-1186-0-0-0\" class=\"so-panel widget widget_sow-editor panel-first-child panel-last-child\" data-index=\"0\" ><div\n\t\t\t\n\t\t\tclass=\"so-widget-sow-editor so-widget-sow-editor-base\"\n\t\t\t\n\t\t>\n<div class=\"siteorigin-widget-tinymce textwidget\">\n\t<ul>\n<li>So arbeiten wir<\/li>\n<\/ul>\n<\/div>\n<\/div><\/div><\/div><div id=\"pgc-1186-0-1\"  class=\"panel-grid-cell\" ><div id=\"panel-1186-0-1-0\" class=\"so-panel widget widget_sow-editor panel-first-child panel-last-child\" data-index=\"1\" ><div\n\t\t\t\n\t\t\tclass=\"so-widget-sow-editor so-widget-sow-editor-base\"\n\t\t\t\n\t\t>\n<div class=\"siteorigin-widget-tinymce textwidget\">\n\t<h2>Unser Ziel ist es, Projekte von einer Qualit\u00e4t umzusetzen, die einen langfristigen Betrieb von Pipelinesystemen ohne Ausfallzeiten gew\u00e4hrleistet.<\/h2>\n<\/div>\n<\/div><\/div><\/div><\/div><div id=\"pg-1186-1\"  class=\"panel-grid panel-no-style\" ><div id=\"pgc-1186-1-0\"  class=\"panel-grid-cell\" ><div id=\"panel-1186-1-0-0\" class=\"so-panel widget widget_sow-editor panel-first-child panel-last-child\" data-index=\"2\" ><div\n\t\t\t\n\t\t\tclass=\"so-widget-sow-editor so-widget-sow-editor-base\"\n\t\t\t\n\t\t>\n<div class=\"siteorigin-widget-tinymce textwidget\">\n\t<hr \/>\n<\/div>\n<\/div><\/div><\/div><\/div><div id=\"pg-1186-2\"  class=\"panel-grid panel-no-style\" ><div id=\"pgc-1186-2-0\"  class=\"panel-grid-cell\" ><div id=\"panel-1186-2-0-0\" class=\"so-panel widget widget_sow-image panel-first-child\" data-index=\"3\" ><div class=\"panel-widget-style panel-widget-style-for-1186-2-0-0\" ><div\n\t\t\t\n\t\t\tclass=\"so-widget-sow-image so-widget-sow-image-default-8b5b6f678277-1186\"\n\t\t\t\n\t\t>\n<div class=\"sow-image-container\">\n\t\t<img \n\tsrc=\"https:\/\/www.industriemontage.sk\/wp-content\/uploads\/2024\/09\/Group-120.svg\" width=\"33\" height=\"33\" sizes=\"(max-width: 33px) 100vw, 33px\" title=\"Group 120\" alt=\"\" \t\tclass=\"so-widget-image\"\/>\n\t<\/div>\n\n<\/div><\/div><\/div><div id=\"panel-1186-2-0-1\" class=\"so-panel widget widget_sow-editor panel-last-child\" data-index=\"4\" ><div\n\t\t\t\n\t\t\tclass=\"so-widget-sow-editor so-widget-sow-editor-base\"\n\t\t\t\n\t\t>\n<div class=\"siteorigin-widget-tinymce textwidget\">\n\t<h2 style=\"font-size: 40px;\">Unsere Dienstleistungen umfassen:<\/h2>\n<\/div>\n<\/div><\/div><\/div><div id=\"pgc-1186-2-1\"  class=\"panel-grid-cell\" ><div id=\"panel-1186-2-1-0\" class=\"so-panel widget widget_siteorigin-panels-builder panel-first-child panel-last-child\" data-index=\"5\" ><div class=\"panel-widget-style panel-widget-style-for-1186-2-1-0\" ><div id=\"pl-w6932966509a31\"  class=\"panel-layout\" ><div id=\"pg-w6932966509a31-0\"  class=\"panel-grid panel-no-style\" ><div id=\"pgc-w6932966509a31-0-0\"  class=\"panel-grid-cell\" ><div id=\"panel-w6932966509a31-0-0-0\" class=\"so-panel widget widget_sow-editor panel-first-child panel-last-child\" data-index=\"0\" ><div\n\t\t\t\n\t\t\tclass=\"so-widget-sow-editor so-widget-sow-editor-base\"\n\t\t\t\n\t\t>\n<div class=\"siteorigin-widget-tinymce textwidget\">\n\t<h4>Planung und Konstruktion von Rohrleitungssystemen<\/h4>\n<p>gem\u00e4\u00df den spezifischen Anforderungen des Kunden.<\/p>\n<h4 style=\"padding-top: 20px;\">Vorfertigung und Montage von Rohrleitungssystemen<\/h4>\n<p>unter Verwendung modernster Techniken und Werkzeuge.<\/p>\n<h4 style=\"padding-top: 20px;\">Schwei\u00dfarbeiten<\/h4>\n<p>durchgef\u00fchrt von qualifizierten Fachkr\u00e4ften mit Zertifikaten f\u00fcr verschiedene Schwei\u00dfverfahren, darunter WIG, MIG\/MAG und Elektroschwei\u00dfen.<\/p>\n<h4 style=\"padding-top: 20px;\">NTD-Pr\u00fcfungen<\/h4>\n<p>zur Gew\u00e4hrleistung h\u00f6chster Qualit\u00e4t und Sicherheit der von uns installierten Rohrleitungssysteme.<\/p>\n<h4 style=\"padding-top: 20px;\">Wartung und Instandhaltung von Rohrleitungssystemen<\/h4>\n<p>einschlie\u00dflich regelm\u00e4\u00dfiger Inspektionen und Reparaturen.<\/p>\n<\/div>\n<\/div><\/div><\/div><div id=\"pgc-w6932966509a31-0-1\"  class=\"panel-grid-cell\" ><div id=\"panel-w6932966509a31-0-1-0\" class=\"so-panel widget widget_sow-image panel-first-child\" data-index=\"1\" ><div\n\t\t\t\n\t\t\tclass=\"so-widget-sow-image so-widget-sow-image-default-8b5b6f678277\"\n\t\t\t\n\t\t>\n<div class=\"sow-image-container\">\n\t\t<img \n\tsrc=\"https:\/\/www.industriemontage.sk\/wp-content\/uploads\/2024\/09\/PHOTO-2024-06-19-13-49-47-2.jpg\" width=\"829\" height=\"931\" srcset=\"https:\/\/www.industriemontage.sk\/wp-content\/uploads\/2024\/09\/PHOTO-2024-06-19-13-49-47-2.jpg 829w, https:\/\/www.industriemontage.sk\/wp-content\/uploads\/2024\/09\/PHOTO-2024-06-19-13-49-47-2-267x300.jpg 267w\" sizes=\"(max-width: 829px) 100vw, 829px\" title=\"PHOTO-2024-06-19-13-49-47 2\" alt=\"\" \t\tclass=\"so-widget-image\"\/>\n\t<\/div>\n\n<\/div><\/div><div id=\"panel-w6932966509a31-0-1-1\" class=\"so-panel widget widget_sow-editor panel-last-child\" data-index=\"2\" ><div\n\t\t\t\n\t\t\tclass=\"so-widget-sow-editor so-widget-sow-editor-base\"\n\t\t\t\n\t\t>\n<div class=\"siteorigin-widget-tinymce textwidget\">\n\t<p><a class=\"main-btn scroll\" href=\".\/kontakt\/#contact\">Ich bin an Ihren Dienstleistungen interessiert<\/a><\/p>\n<\/div>\n<\/div><\/div><\/div><\/div><\/div><\/div><\/div><\/div><\/div><div id=\"pg-1186-3\"  class=\"panel-grid panel-no-style\" ><div id=\"pgc-1186-3-0\"  class=\"panel-grid-cell\" ><div id=\"panel-1186-3-0-0\" class=\"so-panel widget widget_sow-editor panel-first-child panel-last-child\" data-index=\"6\" ><div class=\"panel-widget-style panel-widget-style-for-1186-3-0-0\" ><div\n\t\t\t\n\t\t\tclass=\"so-widget-sow-editor so-widget-sow-editor-base\"\n\t\t\t\n\t\t>\n<div class=\"siteorigin-widget-tinymce textwidget\">\n\t<h3>Warum sollten Sie uns kontaktieren?<\/h3>\n<\/div>\n<\/div><\/div><\/div><\/div><\/div><div id=\"pg-1186-4\"  class=\"panel-grid panel-no-style\" ><div id=\"pgc-1186-4-0\"  class=\"panel-grid-cell\" ><div id=\"panel-1186-4-0-0\" class=\"so-panel widget widget_siteorigin-panels-builder panel-first-child panel-last-child\" data-index=\"7\" ><div class=\"panel-widget-style panel-widget-style-for-1186-4-0-0\" ><div id=\"pl-w693296650a597\"  class=\"panel-layout\" ><div id=\"pg-w693296650a597-0\"  class=\"panel-grid panel-no-style\" ><div id=\"pgc-w693296650a597-0-0\"  class=\"panel-grid-cell\" ><div id=\"panel-w693296650a597-0-0-0\" class=\"so-panel widget widget_sow-editor panel-first-child panel-last-child\" data-index=\"0\" ><div class=\"panel-widget-style panel-widget-style-for-w693296650a597-0-0-0\" ><div\n\t\t\t\n\t\t\tclass=\"so-widget-sow-editor so-widget-sow-editor-base\"\n\t\t\t\n\t\t>\n<div class=\"siteorigin-widget-tinymce textwidget\">\n\t<h2 style=\"color:#fff; margin-bottom: 0 !important\">170+<\/h2>\n<p style=\"color:#fff;\">Geschulte und zertifizierte Mitarbeiterv<\/p>\n<\/div>\n<\/div><\/div><\/div><\/div><\/div><div id=\"pg-w693296650a597-1\"  class=\"panel-grid panel-no-style\" ><div id=\"pgc-w693296650a597-1-0\"  class=\"panel-grid-cell\" ><div id=\"panel-w693296650a597-1-0-0\" class=\"so-panel widget widget_sow-editor panel-first-child panel-last-child\" data-index=\"1\" ><div class=\"panel-widget-style panel-widget-style-for-w693296650a597-1-0-0\" ><div\n\t\t\t\n\t\t\tclass=\"so-widget-sow-editor so-widget-sow-editor-base\"\n\t\t\t\n\t\t>\n<div class=\"siteorigin-widget-tinymce textwidget\">\n\t<p style=\"color:#fff; margin-top: 0 !important\">Alle unsere Schwei\u00dfer besitzen g\u00fcltige Schwei\u00dferzertifikate und wir verarbeiten alle Materialien, Durchmesser und St\u00e4rken. Unsere Mitarbeiter verf\u00fcgen \u00fcber gute Deutsch- und Englischkenntnisse.<\/p>\n<\/div>\n<\/div><\/div><\/div><\/div><\/div><\/div><\/div><\/div><\/div><div id=\"pgc-1186-4-1\"  class=\"panel-grid-cell\" ><div id=\"panel-1186-4-1-0\" class=\"so-panel widget widget_siteorigin-panels-builder panel-first-child\" data-index=\"8\" ><div class=\"panel-widget-style panel-widget-style-for-1186-4-1-0\" ><div id=\"pl-w69319554756e2\"  class=\"panel-layout\" ><div id=\"pg-w69319554756e2-0\"  class=\"panel-grid panel-no-style\" ><div id=\"pgc-w69319554756e2-0-0\"  class=\"panel-grid-cell panel-grid-cell-empty\" ><\/div><div id=\"pgc-w69319554756e2-0-1\"  class=\"panel-grid-cell\" ><div id=\"panel-w69319554756e2-0-1-0\" class=\"so-panel widget widget_sow-editor panel-first-child panel-last-child\" data-index=\"0\" ><div class=\"panel-widget-style panel-widget-style-for-w69319554756e2-0-1-0\" ><div\n\t\t\t\n\t\t\tclass=\"so-widget-sow-editor so-widget-sow-editor-base\"\n\t\t\t\n\t\t>\n<div class=\"siteorigin-widget-tinymce textwidget\">\n\t<h1 style=\"font-size: 9em; margin: 0px;\">10+<\/h1>\n<p>Langj\u00e4hrige Erfahrung in Projekten f\u00fcr ausl\u00e4ndische Kunden.<\/p>\n<\/div>\n<\/div><\/div><\/div><\/div><\/div><\/div><\/div><\/div><div id=\"panel-1186-4-1-1\" class=\"so-panel widget widget_siteorigin-panels-builder panel-last-child\" data-index=\"9\" ><div id=\"pl-w6931955475b8e\"  class=\"panel-layout\" ><div id=\"pg-w6931955475b8e-0\"  class=\"panel-grid panel-has-style\" ><div class=\"panel-row-style panel-row-style-for-w6931955475b8e-0\" ><div id=\"pgc-w6931955475b8e-0-0\"  class=\"panel-grid-cell\" ><div id=\"panel-w6931955475b8e-0-0-0\" class=\"so-panel widget widget_siteorigin-panels-builder panel-first-child panel-last-child\" data-index=\"0\" ><div id=\"pl-w6931955475b9f\"  class=\"panel-layout\" ><div id=\"pg-w6931955475b9f-0\"  class=\"panel-grid panel-has-style\" ><div class=\"panel-row-style panel-row-style-for-w6931955475b9f-0\" ><div id=\"pgc-w6931955475b9f-0-0\"  class=\"panel-grid-cell\" ><div id=\"panel-w6931955475b9f-0-0-0\" class=\"so-panel widget widget_sow-editor panel-first-child panel-last-child\" data-index=\"0\" ><div\n\t\t\t\n\t\t\tclass=\"so-widget-sow-editor so-widget-sow-editor-base\"\n\t\t\t\n\t\t>\n<div class=\"siteorigin-widget-tinymce textwidget\">\n\t<h2>400+<\/h2>\n<\/div>\n<\/div><\/div><\/div><div id=\"pgc-w6931955475b9f-0-1\"  class=\"panel-grid-cell\" ><div id=\"panel-w6931955475b9f-0-1-0\" class=\"so-panel widget widget_sow-editor panel-first-child panel-last-child\" data-index=\"1\" ><div\n\t\t\t\n\t\t\tclass=\"so-widget-sow-editor so-widget-sow-editor-base\"\n\t\t\t\n\t\t>\n<div class=\"siteorigin-widget-tinymce textwidget\">\n\t<p>Erfolgreich umgesetzte Projekte<\/p>\n<\/div>\n<\/div><\/div><\/div><\/div><\/div><div id=\"pg-w6931955475b9f-1\"  class=\"panel-grid panel-has-style\" ><div class=\"panel-row-style panel-row-style-for-w6931955475b9f-1\" ><div id=\"pgc-w6931955475b9f-1-0\"  class=\"panel-grid-cell\" ><div id=\"panel-w6931955475b9f-1-0-0\" class=\"so-panel widget widget_sow-editor panel-first-child panel-last-child\" data-index=\"2\" ><div\n\t\t\t\n\t\t\tclass=\"so-widget-sow-editor so-widget-sow-editor-base\"\n\t\t\t\n\t\t>\n<div class=\"siteorigin-widget-tinymce textwidget\">\n\t<h2>10+<\/h2>\n<\/div>\n<\/div><\/div><\/div><div id=\"pgc-w6931955475b9f-1-1\"  class=\"panel-grid-cell\" ><div id=\"panel-w6931955475b9f-1-1-0\" class=\"so-panel widget widget_sow-editor panel-first-child panel-last-child\" data-index=\"3\" ><div\n\t\t\t\n\t\t\tclass=\"so-widget-sow-editor so-widget-sow-editor-base\"\n\t\t\t\n\t\t>\n<div class=\"siteorigin-widget-tinymce textwidget\">\n\t<p>Abgedeckte Berufsfelder<\/p>\n<\/div>\n<\/div><\/div><\/div><\/div><\/div><div id=\"pg-w6931955475b9f-2\"  class=\"panel-grid panel-no-style\" ><div id=\"pgc-w6931955475b9f-2-0\"  class=\"panel-grid-cell\" ><div id=\"panel-w6931955475b9f-2-0-0\" class=\"so-panel widget widget_sow-editor panel-first-child panel-last-child\" data-index=\"4\" ><div\n\t\t\t\n\t\t\tclass=\"so-widget-sow-editor so-widget-sow-editor-base\"\n\t\t\t\n\t\t>\n<div class=\"siteorigin-widget-tinymce textwidget\">\n\t<h2>5<\/h2>\n<\/div>\n<\/div><\/div><\/div><div id=\"pgc-w6931955475b9f-2-1\"  class=\"panel-grid-cell\" ><div id=\"panel-w6931955475b9f-2-1-0\" class=\"so-panel widget widget_sow-editor panel-first-child panel-last-child\" data-index=\"5\" ><div\n\t\t\t\n\t\t\tclass=\"so-widget-sow-editor so-widget-sow-editor-base\"\n\t\t\t\n\t\t>\n<div class=\"siteorigin-widget-tinymce textwidget\">\n\t<p>L\u00e4nder, in denen wir t\u00e4tig sind<\/p>\n<\/div>\n<\/div><\/div><\/div><\/div><\/div><\/div><\/div><div id=\"pgc-w6931955475b8e-0-1\"  class=\"panel-grid-cell\" ><div id=\"panel-w6931955475b8e-0-1-0\" class=\"so-panel widget widget_sow-editor panel-first-child panel-last-child\" data-index=\"1\" ><div\n\t\t\t\n\t\t\tclass=\"so-widget-sow-editor so-widget-sow-editor-base\"\n\t\t\t\n\t\t>\n<div class=\"siteorigin-widget-tinymce textwidget\">\n\t<h4>Wir sind stolz darauf, umfassende L\u00f6sungen anzubieten, die auf die Bed\u00fcrfnisse unserer Kunden zugeschnitten sind.<\/h4>\n<p><a class=\"main-btn scroll\" href=\".\/kontakt\/#contact\">Ich bin interessiert.<\/a><\/p>\n<\/div>\n<\/div><\/div><\/div><\/div><\/div><\/div><\/div><\/div><\/div><\/div>","protected":false},"excerpt":{"rendered":"<p>So arbeiten wir Unser Ziel ist es, Projekte von einer Qualit\u00e4t umzusetzen, die einen langfristigen Betrieb von Pipelinesystemen ohne Ausfallzeiten gew\u00e4hrleistet.<\/p>\n","protected":false},"author":1,"featured_media":1187,"parent":0,"menu_order":0,"comment_status":"closed","ping_status":"closed","template":"","meta":{"_acf_changed":false,"inline_featured_image":false,"footnotes":""},"class_list":["post-1186","page","type-page","status-publish","has-post-thumbnail","hentry"],"acf":[],"yoast_head":"<!-- This site is optimized with the Yoast SEO plugin v26.5 - https:\/\/yoast.com\/wordpress\/plugins\/seo\/ -->\n<title>Edelstahl- und Stahlrohrsysteme - Industriemontage<\/title>\n<meta name=\"robots\" content=\"index, follow, max-snippet:-1, max-image-preview:large, max-video-preview:-1\" \/>\n<link rel=\"canonical\" href=\"https:\/\/www.industriemontage.sk\/de\/edelstahl-und-stahlrohrsysteme\/\" \/>\n<meta property=\"og:locale\" content=\"de_DE\" \/>\n<meta property=\"og:type\" content=\"article\" \/>\n<meta property=\"og:title\" content=\"Edelstahl- und Stahlrohrsysteme - Industriemontage\" \/>\n<meta property=\"og:description\" content=\"So arbeiten wir Unser Ziel ist es, Projekte von einer Qualit\u00e4t umzusetzen, die einen langfristigen Betrieb von Pipelinesystemen ohne Ausfallzeiten gew\u00e4hrleistet.\" \/>\n<meta property=\"og:url\" content=\"https:\/\/www.industriemontage.sk\/de\/edelstahl-und-stahlrohrsysteme\/\" \/>\n<meta property=\"og:site_name\" content=\"Industriemontage\" \/>\n<meta property=\"article:modified_time\" content=\"2025-12-05T08:24:40+00:00\" \/>\n<meta property=\"og:image\" content=\"https:\/\/www.industriemontage.sk\/wp-content\/uploads\/2024\/09\/service_hero.jpg\" \/>\n\t<meta property=\"og:image:width\" content=\"1698\" \/>\n\t<meta property=\"og:image:height\" content=\"1082\" \/>\n\t<meta property=\"og:image:type\" content=\"image\/jpeg\" \/>\n<meta name=\"twitter:card\" content=\"summary_large_image\" \/>\n<meta name=\"twitter:label1\" content=\"Gesch\u00e4tzte Lesezeit\" \/>\n\t<meta name=\"twitter:data1\" content=\"1\u00a0Minute\" \/>\n<script type=\"application\/ld+json\" class=\"yoast-schema-graph\">{\"@context\":\"https:\/\/schema.org\",\"@graph\":[{\"@type\":\"WebPage\",\"@id\":\"https:\/\/www.industriemontage.sk\/de\/edelstahl-und-stahlrohrsysteme\/\",\"url\":\"https:\/\/www.industriemontage.sk\/de\/edelstahl-und-stahlrohrsysteme\/\",\"name\":\"Edelstahl- und Stahlrohrsysteme - Industriemontage\",\"isPartOf\":{\"@id\":\"https:\/\/www.industriemontage.sk\/#website\"},\"primaryImageOfPage\":{\"@id\":\"https:\/\/www.industriemontage.sk\/de\/edelstahl-und-stahlrohrsysteme\/#primaryimage\"},\"image\":{\"@id\":\"https:\/\/www.industriemontage.sk\/de\/edelstahl-und-stahlrohrsysteme\/#primaryimage\"},\"thumbnailUrl\":\"https:\/\/www.industriemontage.sk\/wp-content\/uploads\/2024\/09\/service_hero.jpg\",\"datePublished\":\"2024-09-06T11:44:26+00:00\",\"dateModified\":\"2025-12-05T08:24:40+00:00\",\"breadcrumb\":{\"@id\":\"https:\/\/www.industriemontage.sk\/de\/edelstahl-und-stahlrohrsysteme\/#breadcrumb\"},\"inLanguage\":\"de\",\"potentialAction\":[{\"@type\":\"ReadAction\",\"target\":[\"https:\/\/www.industriemontage.sk\/de\/edelstahl-und-stahlrohrsysteme\/\"]}]},{\"@type\":\"ImageObject\",\"inLanguage\":\"de\",\"@id\":\"https:\/\/www.industriemontage.sk\/de\/edelstahl-und-stahlrohrsysteme\/#primaryimage\",\"url\":\"https:\/\/www.industriemontage.sk\/wp-content\/uploads\/2024\/09\/service_hero.jpg\",\"contentUrl\":\"https:\/\/www.industriemontage.sk\/wp-content\/uploads\/2024\/09\/service_hero.jpg\",\"width\":1698,\"height\":1082},{\"@type\":\"BreadcrumbList\",\"@id\":\"https:\/\/www.industriemontage.sk\/de\/edelstahl-und-stahlrohrsysteme\/#breadcrumb\",\"itemListElement\":[{\"@type\":\"ListItem\",\"position\":1,\"name\":\"Domovsk\u00e1 str\u00e1nka\",\"item\":\"https:\/\/www.industriemontage.sk\/de\/einleitung\/\"},{\"@type\":\"ListItem\",\"position\":2,\"name\":\"Edelstahl- und Stahlrohrsysteme\"}]},{\"@type\":\"WebSite\",\"@id\":\"https:\/\/www.industriemontage.sk\/#website\",\"url\":\"https:\/\/www.industriemontage.sk\/\",\"name\":\"Industrial\",\"description\":\"\",\"potentialAction\":[{\"@type\":\"SearchAction\",\"target\":{\"@type\":\"EntryPoint\",\"urlTemplate\":\"https:\/\/www.industriemontage.sk\/?s={search_term_string}\"},\"query-input\":{\"@type\":\"PropertyValueSpecification\",\"valueRequired\":true,\"valueName\":\"search_term_string\"}}],\"inLanguage\":\"de\"}]}<\/script>\n<!-- \/ Yoast SEO plugin. -->","yoast_head_json":{"title":"Edelstahl- und Stahlrohrsysteme - Industriemontage","robots":{"index":"index","follow":"follow","max-snippet":"max-snippet:-1","max-image-preview":"max-image-preview:large","max-video-preview":"max-video-preview:-1"},"canonical":"https:\/\/www.industriemontage.sk\/de\/edelstahl-und-stahlrohrsysteme\/","og_locale":"de_DE","og_type":"article","og_title":"Edelstahl- und Stahlrohrsysteme - Industriemontage","og_description":"So arbeiten wir Unser Ziel ist es, Projekte von einer Qualit\u00e4t umzusetzen, die einen langfristigen Betrieb von Pipelinesystemen ohne Ausfallzeiten gew\u00e4hrleistet.","og_url":"https:\/\/www.industriemontage.sk\/de\/edelstahl-und-stahlrohrsysteme\/","og_site_name":"Industriemontage","article_modified_time":"2025-12-05T08:24:40+00:00","og_image":[{"width":1698,"height":1082,"url":"https:\/\/www.industriemontage.sk\/wp-content\/uploads\/2024\/09\/service_hero.jpg","type":"image\/jpeg"}],"twitter_card":"summary_large_image","twitter_misc":{"Gesch\u00e4tzte Lesezeit":"1\u00a0Minute"},"schema":{"@context":"https:\/\/schema.org","@graph":[{"@type":"WebPage","@id":"https:\/\/www.industriemontage.sk\/de\/edelstahl-und-stahlrohrsysteme\/","url":"https:\/\/www.industriemontage.sk\/de\/edelstahl-und-stahlrohrsysteme\/","name":"Edelstahl- und Stahlrohrsysteme - Industriemontage","isPartOf":{"@id":"https:\/\/www.industriemontage.sk\/#website"},"primaryImageOfPage":{"@id":"https:\/\/www.industriemontage.sk\/de\/edelstahl-und-stahlrohrsysteme\/#primaryimage"},"image":{"@id":"https:\/\/www.industriemontage.sk\/de\/edelstahl-und-stahlrohrsysteme\/#primaryimage"},"thumbnailUrl":"https:\/\/www.industriemontage.sk\/wp-content\/uploads\/2024\/09\/service_hero.jpg","datePublished":"2024-09-06T11:44:26+00:00","dateModified":"2025-12-05T08:24:40+00:00","breadcrumb":{"@id":"https:\/\/www.industriemontage.sk\/de\/edelstahl-und-stahlrohrsysteme\/#breadcrumb"},"inLanguage":"de","potentialAction":[{"@type":"ReadAction","target":["https:\/\/www.industriemontage.sk\/de\/edelstahl-und-stahlrohrsysteme\/"]}]},{"@type":"ImageObject","inLanguage":"de","@id":"https:\/\/www.industriemontage.sk\/de\/edelstahl-und-stahlrohrsysteme\/#primaryimage","url":"https:\/\/www.industriemontage.sk\/wp-content\/uploads\/2024\/09\/service_hero.jpg","contentUrl":"https:\/\/www.industriemontage.sk\/wp-content\/uploads\/2024\/09\/service_hero.jpg","width":1698,"height":1082},{"@type":"BreadcrumbList","@id":"https:\/\/www.industriemontage.sk\/de\/edelstahl-und-stahlrohrsysteme\/#breadcrumb","itemListElement":[{"@type":"ListItem","position":1,"name":"Domovsk\u00e1 str\u00e1nka","item":"https:\/\/www.industriemontage.sk\/de\/einleitung\/"},{"@type":"ListItem","position":2,"name":"Edelstahl- und Stahlrohrsysteme"}]},{"@type":"WebSite","@id":"https:\/\/www.industriemontage.sk\/#website","url":"https:\/\/www.industriemontage.sk\/","name":"Industrial","description":"","potentialAction":[{"@type":"SearchAction","target":{"@type":"EntryPoint","urlTemplate":"https:\/\/www.industriemontage.sk\/?s={search_term_string}"},"query-input":{"@type":"PropertyValueSpecification","valueRequired":true,"valueName":"search_term_string"}}],"inLanguage":"de"}]}},"_links":{"self":[{"href":"https:\/\/www.industriemontage.sk\/de\/wp-json\/wp\/v2\/pages\/1186","targetHints":{"allow":["GET"]}}],"collection":[{"href":"https:\/\/www.industriemontage.sk\/de\/wp-json\/wp\/v2\/pages"}],"about":[{"href":"https:\/\/www.industriemontage.sk\/de\/wp-json\/wp\/v2\/types\/page"}],"author":[{"embeddable":true,"href":"https:\/\/www.industriemontage.sk\/de\/wp-json\/wp\/v2\/users\/1"}],"replies":[{"embeddable":true,"href":"https:\/\/www.industriemontage.sk\/de\/wp-json\/wp\/v2\/comments?post=1186"}],"version-history":[{"count":6,"href":"https:\/\/www.industriemontage.sk\/de\/wp-json\/wp\/v2\/pages\/1186\/revisions"}],"predecessor-version":[{"id":1201,"href":"https:\/\/www.industriemontage.sk\/de\/wp-json\/wp\/v2\/pages\/1186\/revisions\/1201"}],"wp:featuredmedia":[{"embeddable":true,"href":"https:\/\/www.industriemontage.sk\/de\/wp-json\/wp\/v2\/media\/1187"}],"wp:attachment":[{"href":"https:\/\/www.industriemontage.sk\/de\/wp-json\/wp\/v2\/media?parent=1186"}],"curies":[{"name":"wp","href":"https:\/\/api.w.org\/{rel}","templated":true}]}}