{"id":1105,"date":"2025-04-24T14:20:24","date_gmt":"2025-04-24T12:20:24","guid":{"rendered":"https:\/\/www.industriemontage.sk\/kontakt\/"},"modified":"2025-12-04T14:44:54","modified_gmt":"2025-12-04T13:44:54","slug":"kontakt","status":"publish","type":"page","link":"https:\/\/www.industriemontage.sk\/de\/kontakt\/","title":{"rendered":"Kontakt"},"content":{"rendered":"<div id=\"pl-1105\"  class=\"panel-layout\" ><div id=\"pg-1105-0\"  class=\"panel-grid panel-no-style\" ><div id=\"pgc-1105-0-0\"  class=\"panel-grid-cell\" ><div id=\"panel-1105-0-0-0\" class=\"so-panel widget widget_sow-editor panel-first-child\" data-index=\"0\" ><div\n\t\t\t\n\t\t\tclass=\"so-widget-sow-editor so-widget-sow-editor-base\"\n\t\t\t\n\t\t>\n<div class=\"siteorigin-widget-tinymce textwidget\">\n\t<p>Firmendaten<\/p>\n<p><strong>Industriemontage, s.r.o.<\/strong><br \/>Zeppelina 60069<br \/>934 01 Levice<\/p>\n<\/div>\n<\/div><\/div><div id=\"panel-1105-0-0-1\" class=\"so-panel widget widget_sow-editor panel-last-child\" data-index=\"1\" ><div\n\t\t\t\n\t\t\tclass=\"so-widget-sow-editor so-widget-sow-editor-base\"\n\t\t\t\n\t\t>\n<div class=\"siteorigin-widget-tinymce textwidget\">\n\t<p>Handelsregisternummer: 47796430<br \/>Steuernummer: 2024099374<br \/>USt-IdNr.: SK2024099374<\/p>\n<\/div>\n<\/div><\/div><\/div><div id=\"pgc-1105-0-1\"  class=\"panel-grid-cell\" ><div id=\"panel-1105-0-1-0\" class=\"so-panel widget widget_sow-editor panel-first-child\" data-index=\"2\" ><div\n\t\t\t\n\t\t\tclass=\"so-widget-sow-editor so-widget-sow-editor-base\"\n\t\t\t\n\t\t>\n<div class=\"siteorigin-widget-tinymce textwidget\">\n\t<p>Kontakt, Angebote und Kalkulationen<\/p>\n<h3><a class=\"tel\" href=\"tel:+421%20903%20149%20229\">+421 903 149 229<\/a><br \/><a class=\"email\" href=\"mailto:info@industriemontage.sk\">info@industriemontage.sk<\/a><\/h3>\n<\/div>\n<\/div><\/div><div id=\"panel-1105-0-1-1\" class=\"so-panel widget widget_sow-editor panel-last-child\" data-index=\"3\" ><div\n\t\t\t\n\t\t\tclass=\"so-widget-sow-editor so-widget-sow-editor-base\"\n\t\t\t\n\t\t>\n<div class=\"siteorigin-widget-tinymce textwidget\">\n\t<p><strong>Vladim\u00edra Chlepkov\u00e1 Be\u0148ov\u00e1<\/strong><br \/>(Personalabteilung)<br \/><a href=\"tel:+421903548107\">+421 903 548 107<\/a><\/p>\n<p>&nbsp;<\/p>\n<p>&nbsp;<\/p>\n<\/div>\n<\/div><\/div><\/div><div id=\"pgc-1105-0-2\"  class=\"panel-grid-cell\" ><div id=\"panel-1105-0-2-0\" class=\"so-panel widget widget_sow-editor panel-first-child panel-last-child\" data-index=\"4\" ><div\n\t\t\t\n\t\t\tclass=\"so-widget-sow-editor so-widget-sow-editor-base\"\n\t\t\t\n\t\t>\n<div class=\"siteorigin-widget-tinymce textwidget\">\n\t<div style=\"width: 100%\"><iframe loading=\"lazy\" width=\"100%\" height=\"400\" frameborder=\"0\" scrolling=\"no\" marginheight=\"0\" marginwidth=\"0\" src=\"https:\/\/maps.google.com\/maps?width=100%25&amp;height=400&amp;hl=en&amp;q=Industriemontage,%20s.r.o.%20Zeppelina%206006%5C9%20934%2001%20Levice,+()&amp;t=&amp;z=14&amp;ie=UTF8&amp;iwloc=B&amp;output=embed\"><\/iframe><\/div>\n<\/div>\n<\/div><\/div><\/div><\/div><\/div>","protected":false},"excerpt":{"rendered":"<p>Firmendaten Industriemontage, s.r.o.Zeppelina 60069934 01 Levice Handelsregisternummer: 47796430Steuernummer: 2024099374USt-IdNr.: SK2024099374 Kontakt, Angebote und Kalkulationen +421 903 149 229info@industriemontage.sk Vladim\u00edra Chlepkov\u00e1 Be\u0148ov\u00e1(Personalabteilung)+421 903 548 107 &nbsp; &nbsp;<\/p>\n","protected":false},"author":3,"featured_media":1104,"parent":0,"menu_order":0,"comment_status":"closed","ping_status":"closed","template":"","meta":{"_acf_changed":false,"inline_featured_image":false,"footnotes":""},"class_list":["post-1105","page","type-page","status-publish","has-post-thumbnail","hentry"],"acf":[],"yoast_head":"<!-- This site is optimized with the Yoast SEO plugin v26.5 - https:\/\/yoast.com\/wordpress\/plugins\/seo\/ -->\n<title>Kontakt - Industriemontage<\/title>\n<meta name=\"robots\" content=\"index, follow, max-snippet:-1, max-image-preview:large, max-video-preview:-1\" \/>\n<link rel=\"canonical\" href=\"https:\/\/www.industriemontage.sk\/de\/kontakt\/\" \/>\n<meta property=\"og:locale\" content=\"de_DE\" \/>\n<meta property=\"og:type\" content=\"article\" \/>\n<meta property=\"og:title\" content=\"Kontakt - Industriemontage\" \/>\n<meta property=\"og:description\" content=\"Firmendaten Industriemontage, s.r.o.Zeppelina 60069934 01 Levice Handelsregisternummer: 47796430Steuernummer: 2024099374USt-IdNr.: SK2024099374 Kontakt, Angebote und Kalkulationen +421 903 149 229info@industriemontage.sk Vladim\u00edra Chlepkov\u00e1 Be\u0148ov\u00e1(Personalabteilung)+421 903 548 107 &nbsp; &nbsp;\" \/>\n<meta property=\"og:url\" content=\"https:\/\/www.industriemontage.sk\/de\/kontakt\/\" \/>\n<meta property=\"og:site_name\" content=\"Industriemontage\" \/>\n<meta property=\"article:modified_time\" content=\"2025-12-04T13:44:54+00:00\" \/>\n<meta property=\"og:image\" content=\"https:\/\/www.industriemontage.sk\/wp-content\/uploads\/2025\/04\/man-helmet-is-moving-piece-rail-metal-factory.jpg\" \/>\n\t<meta property=\"og:image:width\" content=\"2000\" \/>\n\t<meta property=\"og:image:height\" content=\"1333\" \/>\n\t<meta property=\"og:image:type\" content=\"image\/jpeg\" \/>\n<meta name=\"twitter:card\" content=\"summary_large_image\" \/>\n<script type=\"application\/ld+json\" class=\"yoast-schema-graph\">{\"@context\":\"https:\/\/schema.org\",\"@graph\":[{\"@type\":\"WebPage\",\"@id\":\"https:\/\/www.industriemontage.sk\/de\/kontakt\/\",\"url\":\"https:\/\/www.industriemontage.sk\/de\/kontakt\/\",\"name\":\"Kontakt - Industriemontage\",\"isPartOf\":{\"@id\":\"https:\/\/www.industriemontage.sk\/#website\"},\"primaryImageOfPage\":{\"@id\":\"https:\/\/www.industriemontage.sk\/de\/kontakt\/#primaryimage\"},\"image\":{\"@id\":\"https:\/\/www.industriemontage.sk\/de\/kontakt\/#primaryimage\"},\"thumbnailUrl\":\"https:\/\/www.industriemontage.sk\/wp-content\/uploads\/2025\/04\/man-helmet-is-moving-piece-rail-metal-factory.jpg\",\"datePublished\":\"2025-04-24T12:20:24+00:00\",\"dateModified\":\"2025-12-04T13:44:54+00:00\",\"breadcrumb\":{\"@id\":\"https:\/\/www.industriemontage.sk\/de\/kontakt\/#breadcrumb\"},\"inLanguage\":\"de\",\"potentialAction\":[{\"@type\":\"ReadAction\",\"target\":[\"https:\/\/www.industriemontage.sk\/de\/kontakt\/\"]}]},{\"@type\":\"ImageObject\",\"inLanguage\":\"de\",\"@id\":\"https:\/\/www.industriemontage.sk\/de\/kontakt\/#primaryimage\",\"url\":\"https:\/\/www.industriemontage.sk\/wp-content\/uploads\/2025\/04\/man-helmet-is-moving-piece-rail-metal-factory.jpg\",\"contentUrl\":\"https:\/\/www.industriemontage.sk\/wp-content\/uploads\/2025\/04\/man-helmet-is-moving-piece-rail-metal-factory.jpg\",\"width\":2000,\"height\":1333,\"caption\":\"Mann mit Helm bewegt ein Schienenst\u00fcck in einer Metallfabrik.\"},{\"@type\":\"BreadcrumbList\",\"@id\":\"https:\/\/www.industriemontage.sk\/de\/kontakt\/#breadcrumb\",\"itemListElement\":[{\"@type\":\"ListItem\",\"position\":1,\"name\":\"Domovsk\u00e1 str\u00e1nka\",\"item\":\"https:\/\/www.industriemontage.sk\/de\/einleitung\/\"},{\"@type\":\"ListItem\",\"position\":2,\"name\":\"Kontakt\"}]},{\"@type\":\"WebSite\",\"@id\":\"https:\/\/www.industriemontage.sk\/#website\",\"url\":\"https:\/\/www.industriemontage.sk\/\",\"name\":\"Industrial\",\"description\":\"\",\"potentialAction\":[{\"@type\":\"SearchAction\",\"target\":{\"@type\":\"EntryPoint\",\"urlTemplate\":\"https:\/\/www.industriemontage.sk\/?s={search_term_string}\"},\"query-input\":{\"@type\":\"PropertyValueSpecification\",\"valueRequired\":true,\"valueName\":\"search_term_string\"}}],\"inLanguage\":\"de\"}]}<\/script>\n<!-- \/ Yoast SEO plugin. -->","yoast_head_json":{"title":"Kontakt - Industriemontage","robots":{"index":"index","follow":"follow","max-snippet":"max-snippet:-1","max-image-preview":"max-image-preview:large","max-video-preview":"max-video-preview:-1"},"canonical":"https:\/\/www.industriemontage.sk\/de\/kontakt\/","og_locale":"de_DE","og_type":"article","og_title":"Kontakt - Industriemontage","og_description":"Firmendaten Industriemontage, s.r.o.Zeppelina 60069934 01 Levice Handelsregisternummer: 47796430Steuernummer: 2024099374USt-IdNr.: SK2024099374 Kontakt, Angebote und Kalkulationen +421 903 149 229info@industriemontage.sk Vladim\u00edra Chlepkov\u00e1 Be\u0148ov\u00e1(Personalabteilung)+421 903 548 107 &nbsp; &nbsp;","og_url":"https:\/\/www.industriemontage.sk\/de\/kontakt\/","og_site_name":"Industriemontage","article_modified_time":"2025-12-04T13:44:54+00:00","og_image":[{"width":2000,"height":1333,"url":"https:\/\/www.industriemontage.sk\/wp-content\/uploads\/2025\/04\/man-helmet-is-moving-piece-rail-metal-factory.jpg","type":"image\/jpeg"}],"twitter_card":"summary_large_image","schema":{"@context":"https:\/\/schema.org","@graph":[{"@type":"WebPage","@id":"https:\/\/www.industriemontage.sk\/de\/kontakt\/","url":"https:\/\/www.industriemontage.sk\/de\/kontakt\/","name":"Kontakt - Industriemontage","isPartOf":{"@id":"https:\/\/www.industriemontage.sk\/#website"},"primaryImageOfPage":{"@id":"https:\/\/www.industriemontage.sk\/de\/kontakt\/#primaryimage"},"image":{"@id":"https:\/\/www.industriemontage.sk\/de\/kontakt\/#primaryimage"},"thumbnailUrl":"https:\/\/www.industriemontage.sk\/wp-content\/uploads\/2025\/04\/man-helmet-is-moving-piece-rail-metal-factory.jpg","datePublished":"2025-04-24T12:20:24+00:00","dateModified":"2025-12-04T13:44:54+00:00","breadcrumb":{"@id":"https:\/\/www.industriemontage.sk\/de\/kontakt\/#breadcrumb"},"inLanguage":"de","potentialAction":[{"@type":"ReadAction","target":["https:\/\/www.industriemontage.sk\/de\/kontakt\/"]}]},{"@type":"ImageObject","inLanguage":"de","@id":"https:\/\/www.industriemontage.sk\/de\/kontakt\/#primaryimage","url":"https:\/\/www.industriemontage.sk\/wp-content\/uploads\/2025\/04\/man-helmet-is-moving-piece-rail-metal-factory.jpg","contentUrl":"https:\/\/www.industriemontage.sk\/wp-content\/uploads\/2025\/04\/man-helmet-is-moving-piece-rail-metal-factory.jpg","width":2000,"height":1333,"caption":"Mann mit Helm bewegt ein Schienenst\u00fcck in einer Metallfabrik."},{"@type":"BreadcrumbList","@id":"https:\/\/www.industriemontage.sk\/de\/kontakt\/#breadcrumb","itemListElement":[{"@type":"ListItem","position":1,"name":"Domovsk\u00e1 str\u00e1nka","item":"https:\/\/www.industriemontage.sk\/de\/einleitung\/"},{"@type":"ListItem","position":2,"name":"Kontakt"}]},{"@type":"WebSite","@id":"https:\/\/www.industriemontage.sk\/#website","url":"https:\/\/www.industriemontage.sk\/","name":"Industrial","description":"","potentialAction":[{"@type":"SearchAction","target":{"@type":"EntryPoint","urlTemplate":"https:\/\/www.industriemontage.sk\/?s={search_term_string}"},"query-input":{"@type":"PropertyValueSpecification","valueRequired":true,"valueName":"search_term_string"}}],"inLanguage":"de"}]}},"_links":{"self":[{"href":"https:\/\/www.industriemontage.sk\/de\/wp-json\/wp\/v2\/pages\/1105","targetHints":{"allow":["GET"]}}],"collection":[{"href":"https:\/\/www.industriemontage.sk\/de\/wp-json\/wp\/v2\/pages"}],"about":[{"href":"https:\/\/www.industriemontage.sk\/de\/wp-json\/wp\/v2\/types\/page"}],"author":[{"embeddable":true,"href":"https:\/\/www.industriemontage.sk\/de\/wp-json\/wp\/v2\/users\/3"}],"replies":[{"embeddable":true,"href":"https:\/\/www.industriemontage.sk\/de\/wp-json\/wp\/v2\/comments?post=1105"}],"version-history":[{"count":2,"href":"https:\/\/www.industriemontage.sk\/de\/wp-json\/wp\/v2\/pages\/1105\/revisions"}],"predecessor-version":[{"id":1110,"href":"https:\/\/www.industriemontage.sk\/de\/wp-json\/wp\/v2\/pages\/1105\/revisions\/1110"}],"wp:featuredmedia":[{"embeddable":true,"href":"https:\/\/www.industriemontage.sk\/de\/wp-json\/wp\/v2\/media\/1104"}],"wp:attachment":[{"href":"https:\/\/www.industriemontage.sk\/de\/wp-json\/wp\/v2\/media?parent=1105"}],"curies":[{"name":"wp","href":"https:\/\/api.w.org\/{rel}","templated":true}]}}